{"id":8,"date":"2016-11-08T17:28:06","date_gmt":"2016-11-08T16:28:06","guid":{"rendered":"http:\/\/www.alexeberth.bplaced.net\/wordpress\/?page_id=8"},"modified":"2024-12-16T13:10:11","modified_gmt":"2024-12-16T12:10:11","slug":"leistungen","status":"publish","type":"page","link":"https:\/\/www.alexeberth.bplaced.net\/wordpress\/leistungen\/","title":{"rendered":"Leistungen"},"content":{"rendered":"<h2><img loading=\"lazy\" decoding=\"async\" class=\" wp-image-152 aligncenter\" src=\"http:\/\/www.alexeberth.bplaced.net\/wordpress\/wp-content\/uploads\/2016\/11\/praxishomepage004001-300x127.jpg\" alt=\"Arztzimmer\" width=\"522\" height=\"221\" srcset=\"https:\/\/www.alexeberth.bplaced.net\/wordpress\/wp-content\/uploads\/2016\/11\/praxishomepage004001-300x127.jpg 300w, https:\/\/www.alexeberth.bplaced.net\/wordpress\/wp-content\/uploads\/2016\/11\/praxishomepage004001.jpg 611w\" sizes=\"auto, (max-width: 522px) 100vw, 522px\" \/>Haus\u00e4rztliche Versorgung<\/h2>\n<ul>\n<li>Gesundheitsvorsorge (Check-Up-35plus)<\/li>\n<li>Krebsvorsorge<\/li>\n<li>Haut-Check<\/li>\n<li>Labordiagnostik<\/li>\n<li>Hausbesuche (sofern akut angefordert und medizinisch indiziert)<\/li>\n<\/ul>\n<h2>Diabetologische Schwerpunktpraxis<\/h2>\n<ul>\n<li>Beratung und Therapieoptimierung bei Diabetes mellitus einschlie\u00dflich Insulinpumpentherapie<\/li>\n<li>Behandlung des Diabetischen Fu\u00dfes<\/li>\n<li>Diabetikerschulungen<\/li>\n<\/ul>\n<p><img loading=\"lazy\" decoding=\"async\" class=\"alignleft wp-image-1191 size-full\" title=\"Praxis Dr. Eberth - Seminarraum\" src=\"http:\/\/www.alexeberth.bplaced.net\/wordpress\/wp-content\/uploads\/2016\/11\/IMG_5893.jpg\" alt=\"Praxis Dr. Eberth - Seminarraum\" width=\"1309\" height=\"360\" srcset=\"https:\/\/www.alexeberth.bplaced.net\/wordpress\/wp-content\/uploads\/2016\/11\/IMG_5893.jpg 1309w, https:\/\/www.alexeberth.bplaced.net\/wordpress\/wp-content\/uploads\/2016\/11\/IMG_5893-300x83.jpg 300w, https:\/\/www.alexeberth.bplaced.net\/wordpress\/wp-content\/uploads\/2016\/11\/IMG_5893-768x211.jpg 768w, https:\/\/www.alexeberth.bplaced.net\/wordpress\/wp-content\/uploads\/2016\/11\/IMG_5893-1024x282.jpg 1024w\" sizes=\"auto, (max-width: 1309px) 100vw, 1309px\" \/><br \/>\n&nbsp;<br \/>\nStrukturierte Diabetikerschulung Typ II Diabetiker (ZI, Medias2) und Typ I<\/p>\n<p>Ern\u00e4hrungsberatung<br \/>\nFachlich fundierte Einzelberatung durch unsere Diabetesassistentinnen (DDG)<br \/>\nPatientenschulung zum Gerinnungs-Selbstmanagement (Coagu-Chek)<br \/>\n&nbsp;<br \/>\n<a href=\"http:\/\/www.alexeberth.bplaced.net\/wordpress\/schulungen\/raumplan\/\" title=\"Raumplan\">Raumplan<\/a>\u00a0des Seminarraumes der Gemeinschaftspraxis Dr. Eberth<\/p>\n<h2>Diagnostik<\/h2>\n<ul>\n<li>Ruhe-EKG<\/li>\n<li>Belastungs-EKG (auch im Liegen)<\/li>\n<li>Lungenfunktionsuntersuchung<\/li>\n<li>Langzeit &#8211; Blutdruckmessung (24 Std.)<\/li>\n<li>Arm-Bein-Index-Messung<\/li>\n<li>Labortests (Oraler Glucose Toleranztest, Troponin-Schnelltest, D-Dimer, HbA1c, Quick\/INR)<\/li>\n<\/ul>\n<h2>Individuelle Gesundheitsleistungen (IGeL)<\/h2>\n<ul>\n<li>Sauerstoff-Mehrschritt-Therapie nach Prof. Manfred von Ardenne<\/li>\n<li>Infusionstherapie mit alpha-Lipons\u00e4ure<\/li>\n<li>Privat-Check-up<\/li>\n<li>Sporttauglichkeitsuntersuchungen<\/li>\n<li>Versicherungsgutachten<\/li>\n<li>Umfangreiche <a href=\"http:\/\/www.labor-augsburg-mvz.de\/service\/igel\" title=\"Labor-Diagnostik\">Labor-Diagnostik<\/a><\/li>\n<li>Reiseimpfberatung<\/li>\n<li>Ern\u00e4hrungsberatung<\/li>\n<\/ul>\n<h2>Ultraschall-Untersuchungen (IGeL)<\/h2>\n<ul>\n<li>Farbduplexsonographie der hirnversorgenden Arterien<\/li>\n<li>Schilddr\u00fcsensonographie<\/li>\n<li>Abdomensonographie<\/li>\n<li>Gef\u00e4\u00dfdoppler und Farbduplex (Durchblutung der Beinarterien)<\/li>\n<li>Weichteilsonographie<\/li>\n<\/ul>\n<p><img loading=\"lazy\" decoding=\"async\" class=\" wp-image-154 aligncenter\" src=\"http:\/\/www.alexeberth.bplaced.net\/wordpress\/wp-content\/uploads\/2016\/11\/praxishomepage005001-300x128.jpg\" alt=\"Ergometrieplatz\" width=\"490\" height=\"209\" srcset=\"https:\/\/www.alexeberth.bplaced.net\/wordpress\/wp-content\/uploads\/2016\/11\/praxishomepage005001-300x128.jpg 300w, https:\/\/www.alexeberth.bplaced.net\/wordpress\/wp-content\/uploads\/2016\/11\/praxishomepage005001.jpg 611w\" sizes=\"auto, (max-width: 490px) 100vw, 490px\" \/><\/p>\n","protected":false},"excerpt":{"rendered":"<p>Haus\u00e4rztliche Versorgung Gesundheitsvorsorge (Check-Up-35plus) Krebsvorsorge Haut-Check Labordiagnostik Hausbesuche (sofern akut angefordert und medizinisch indiziert) Diabetologische Schwerpunktpraxis Beratung und Therapieoptimierung bei Diabetes mellitus einschlie\u00dflich Insulinpumpentherapie Behandlung des Diabetischen Fu\u00dfes Diabetikerschulungen &nbsp; Strukturierte Diabetikerschulung Typ II Diabetiker (ZI, Medias2) und Typ I Ern\u00e4hrungsberatung Fachlich fundierte Einzelberatung durch unsere Diabetesassistentinnen (DDG) Patientenschulung zum Gerinnungs-Selbstmanagement (Coagu-Chek) &nbsp; Raumplan\u00a0des Seminarraumes der Gemeinschaftspraxis Dr. Eberth Diagnostik [&hellip;]<\/p>\n","protected":false},"author":1,"featured_media":0,"parent":0,"menu_order":0,"comment_status":"closed","ping_status":"closed","template":"","meta":{"footnotes":""},"class_list":["post-8","page","type-page","status-publish","hentry"],"yoast_head":"<!-- This site is optimized with the Yoast SEO plugin v27.5 - https:\/\/yoast.com\/product\/yoast-seo-wordpress\/ -->\n<title>Leistungen - Gemeinschaftspraxis Dr. med. Eberth<\/title>\n<meta name=\"robots\" content=\"index, follow, max-snippet:-1, max-image-preview:large, max-video-preview:-1\" \/>\n<link rel=\"canonical\" href=\"https:\/\/www.alexeberth.bplaced.net\/wordpress\/leistungen\/\" \/>\n<meta property=\"og:locale\" content=\"de_DE\" \/>\n<meta property=\"og:type\" content=\"article\" \/>\n<meta property=\"og:title\" content=\"Leistungen - Gemeinschaftspraxis Dr. med. Eberth\" \/>\n<meta property=\"og:description\" content=\"Haus\u00e4rztliche Versorgung Gesundheitsvorsorge (Check-Up-35plus) Krebsvorsorge Haut-Check Labordiagnostik Hausbesuche (sofern akut angefordert und medizinisch indiziert) Diabetologische Schwerpunktpraxis Beratung und Therapieoptimierung bei Diabetes mellitus einschlie\u00dflich Insulinpumpentherapie Behandlung des Diabetischen Fu\u00dfes Diabetikerschulungen &nbsp; Strukturierte Diabetikerschulung Typ II Diabetiker (ZI, Medias2) und Typ I Ern\u00e4hrungsberatung Fachlich fundierte Einzelberatung durch unsere Diabetesassistentinnen (DDG) Patientenschulung zum Gerinnungs-Selbstmanagement (Coagu-Chek) &nbsp; Raumplan\u00a0des Seminarraumes der Gemeinschaftspraxis Dr. Eberth Diagnostik [&hellip;]\" \/>\n<meta property=\"og:url\" content=\"https:\/\/www.alexeberth.bplaced.net\/wordpress\/leistungen\/\" \/>\n<meta property=\"og:site_name\" content=\"Gemeinschaftspraxis Dr. med. Eberth\" \/>\n<meta property=\"article:modified_time\" content=\"2024-12-16T12:10:11+00:00\" \/>\n<meta property=\"og:image\" content=\"https:\/\/www.alexeberth.bplaced.net\/wordpress\/wp-content\/uploads\/2016\/11\/praxishomepage004001.jpg\" \/>\n\t<meta property=\"og:image:width\" content=\"611\" \/>\n\t<meta property=\"og:image:height\" content=\"258\" \/>\n\t<meta property=\"og:image:type\" content=\"image\/jpeg\" \/>\n<meta name=\"twitter:card\" content=\"summary_large_image\" \/>\n<meta name=\"twitter:label1\" content=\"Gesch\u00e4tzte Lesezeit\" \/>\n\t<meta name=\"twitter:data1\" content=\"2\u00a0Minuten\" \/>\n<script type=\"application\/ld+json\" class=\"yoast-schema-graph\">{\"@context\":\"https:\\\/\\\/schema.org\",\"@graph\":[{\"@type\":\"WebPage\",\"@id\":\"https:\\\/\\\/www.alexeberth.bplaced.net\\\/wordpress\\\/leistungen\\\/\",\"url\":\"https:\\\/\\\/www.alexeberth.bplaced.net\\\/wordpress\\\/leistungen\\\/\",\"name\":\"Leistungen - Gemeinschaftspraxis Dr. med. Eberth\",\"isPartOf\":{\"@id\":\"https:\\\/\\\/www.alexeberth.bplaced.net\\\/wordpress\\\/#website\"},\"primaryImageOfPage\":{\"@id\":\"https:\\\/\\\/www.alexeberth.bplaced.net\\\/wordpress\\\/leistungen\\\/#primaryimage\"},\"image\":{\"@id\":\"https:\\\/\\\/www.alexeberth.bplaced.net\\\/wordpress\\\/leistungen\\\/#primaryimage\"},\"thumbnailUrl\":\"http:\\\/\\\/www.alexeberth.bplaced.net\\\/wordpress\\\/wp-content\\\/uploads\\\/2016\\\/11\\\/praxishomepage004001-300x127.jpg\",\"datePublished\":\"2016-11-08T16:28:06+00:00\",\"dateModified\":\"2024-12-16T12:10:11+00:00\",\"breadcrumb\":{\"@id\":\"https:\\\/\\\/www.alexeberth.bplaced.net\\\/wordpress\\\/leistungen\\\/#breadcrumb\"},\"inLanguage\":\"de\",\"potentialAction\":[{\"@type\":\"ReadAction\",\"target\":[\"https:\\\/\\\/www.alexeberth.bplaced.net\\\/wordpress\\\/leistungen\\\/\"]}]},{\"@type\":\"ImageObject\",\"inLanguage\":\"de\",\"@id\":\"https:\\\/\\\/www.alexeberth.bplaced.net\\\/wordpress\\\/leistungen\\\/#primaryimage\",\"url\":\"http:\\\/\\\/www.alexeberth.bplaced.net\\\/wordpress\\\/wp-content\\\/uploads\\\/2016\\\/11\\\/praxishomepage004001-300x127.jpg\",\"contentUrl\":\"http:\\\/\\\/www.alexeberth.bplaced.net\\\/wordpress\\\/wp-content\\\/uploads\\\/2016\\\/11\\\/praxishomepage004001-300x127.jpg\"},{\"@type\":\"BreadcrumbList\",\"@id\":\"https:\\\/\\\/www.alexeberth.bplaced.net\\\/wordpress\\\/leistungen\\\/#breadcrumb\",\"itemListElement\":[{\"@type\":\"ListItem\",\"position\":1,\"name\":\"Startseite\",\"item\":\"https:\\\/\\\/www.alexeberth.bplaced.net\\\/wordpress\\\/\"},{\"@type\":\"ListItem\",\"position\":2,\"name\":\"Leistungen\"}]},{\"@type\":\"WebSite\",\"@id\":\"https:\\\/\\\/www.alexeberth.bplaced.net\\\/wordpress\\\/#website\",\"url\":\"https:\\\/\\\/www.alexeberth.bplaced.net\\\/wordpress\\\/\",\"name\":\"Gemeinschaftspraxis Dr. med. Eberth\",\"description\":\"Dr. med. Silke Eberth und Dr. med. Alexander Eberth\",\"publisher\":{\"@id\":\"https:\\\/\\\/www.alexeberth.bplaced.net\\\/wordpress\\\/#organization\"},\"potentialAction\":[{\"@type\":\"SearchAction\",\"target\":{\"@type\":\"EntryPoint\",\"urlTemplate\":\"https:\\\/\\\/www.alexeberth.bplaced.net\\\/wordpress\\\/?s={search_term_string}\"},\"query-input\":{\"@type\":\"PropertyValueSpecification\",\"valueRequired\":true,\"valueName\":\"search_term_string\"}}],\"inLanguage\":\"de\"},{\"@type\":\"Organization\",\"@id\":\"https:\\\/\\\/www.alexeberth.bplaced.net\\\/wordpress\\\/#organization\",\"name\":\"Gemeinschaftspraxis Dr. med. Eberth\",\"url\":\"https:\\\/\\\/www.alexeberth.bplaced.net\\\/wordpress\\\/\",\"logo\":{\"@type\":\"ImageObject\",\"inLanguage\":\"de\",\"@id\":\"https:\\\/\\\/www.alexeberth.bplaced.net\\\/wordpress\\\/#\\\/schema\\\/logo\\\/image\\\/\",\"url\":\"https:\\\/\\\/www.alexeberth.bplaced.net\\\/wordpress\\\/wp-content\\\/uploads\\\/2023\\\/06\\\/Praxis-Logo-ganzklein.png\",\"contentUrl\":\"https:\\\/\\\/www.alexeberth.bplaced.net\\\/wordpress\\\/wp-content\\\/uploads\\\/2023\\\/06\\\/Praxis-Logo-ganzklein.png\",\"width\":60,\"height\":33,\"caption\":\"Gemeinschaftspraxis Dr. med. Eberth\"},\"image\":{\"@id\":\"https:\\\/\\\/www.alexeberth.bplaced.net\\\/wordpress\\\/#\\\/schema\\\/logo\\\/image\\\/\"}}]}<\/script>\n<!-- \/ Yoast SEO plugin. -->","yoast_head_json":{"title":"Leistungen - Gemeinschaftspraxis Dr. med. Eberth","robots":{"index":"index","follow":"follow","max-snippet":"max-snippet:-1","max-image-preview":"max-image-preview:large","max-video-preview":"max-video-preview:-1"},"canonical":"https:\/\/www.alexeberth.bplaced.net\/wordpress\/leistungen\/","og_locale":"de_DE","og_type":"article","og_title":"Leistungen - Gemeinschaftspraxis Dr. med. Eberth","og_description":"Haus\u00e4rztliche Versorgung Gesundheitsvorsorge (Check-Up-35plus) Krebsvorsorge Haut-Check Labordiagnostik Hausbesuche (sofern akut angefordert und medizinisch indiziert) Diabetologische Schwerpunktpraxis Beratung und Therapieoptimierung bei Diabetes mellitus einschlie\u00dflich Insulinpumpentherapie Behandlung des Diabetischen Fu\u00dfes Diabetikerschulungen &nbsp; Strukturierte Diabetikerschulung Typ II Diabetiker (ZI, Medias2) und Typ I Ern\u00e4hrungsberatung Fachlich fundierte Einzelberatung durch unsere Diabetesassistentinnen (DDG) Patientenschulung zum Gerinnungs-Selbstmanagement (Coagu-Chek) &nbsp; Raumplan\u00a0des Seminarraumes der Gemeinschaftspraxis Dr. Eberth Diagnostik [&hellip;]","og_url":"https:\/\/www.alexeberth.bplaced.net\/wordpress\/leistungen\/","og_site_name":"Gemeinschaftspraxis Dr. med. Eberth","article_modified_time":"2024-12-16T12:10:11+00:00","og_image":[{"width":611,"height":258,"url":"https:\/\/www.alexeberth.bplaced.net\/wordpress\/wp-content\/uploads\/2016\/11\/praxishomepage004001.jpg","type":"image\/jpeg"}],"twitter_card":"summary_large_image","twitter_misc":{"Gesch\u00e4tzte Lesezeit":"2\u00a0Minuten"},"schema":{"@context":"https:\/\/schema.org","@graph":[{"@type":"WebPage","@id":"https:\/\/www.alexeberth.bplaced.net\/wordpress\/leistungen\/","url":"https:\/\/www.alexeberth.bplaced.net\/wordpress\/leistungen\/","name":"Leistungen - Gemeinschaftspraxis Dr. med. Eberth","isPartOf":{"@id":"https:\/\/www.alexeberth.bplaced.net\/wordpress\/#website"},"primaryImageOfPage":{"@id":"https:\/\/www.alexeberth.bplaced.net\/wordpress\/leistungen\/#primaryimage"},"image":{"@id":"https:\/\/www.alexeberth.bplaced.net\/wordpress\/leistungen\/#primaryimage"},"thumbnailUrl":"http:\/\/www.alexeberth.bplaced.net\/wordpress\/wp-content\/uploads\/2016\/11\/praxishomepage004001-300x127.jpg","datePublished":"2016-11-08T16:28:06+00:00","dateModified":"2024-12-16T12:10:11+00:00","breadcrumb":{"@id":"https:\/\/www.alexeberth.bplaced.net\/wordpress\/leistungen\/#breadcrumb"},"inLanguage":"de","potentialAction":[{"@type":"ReadAction","target":["https:\/\/www.alexeberth.bplaced.net\/wordpress\/leistungen\/"]}]},{"@type":"ImageObject","inLanguage":"de","@id":"https:\/\/www.alexeberth.bplaced.net\/wordpress\/leistungen\/#primaryimage","url":"http:\/\/www.alexeberth.bplaced.net\/wordpress\/wp-content\/uploads\/2016\/11\/praxishomepage004001-300x127.jpg","contentUrl":"http:\/\/www.alexeberth.bplaced.net\/wordpress\/wp-content\/uploads\/2016\/11\/praxishomepage004001-300x127.jpg"},{"@type":"BreadcrumbList","@id":"https:\/\/www.alexeberth.bplaced.net\/wordpress\/leistungen\/#breadcrumb","itemListElement":[{"@type":"ListItem","position":1,"name":"Startseite","item":"https:\/\/www.alexeberth.bplaced.net\/wordpress\/"},{"@type":"ListItem","position":2,"name":"Leistungen"}]},{"@type":"WebSite","@id":"https:\/\/www.alexeberth.bplaced.net\/wordpress\/#website","url":"https:\/\/www.alexeberth.bplaced.net\/wordpress\/","name":"Gemeinschaftspraxis Dr. med. Eberth","description":"Dr. med. Silke Eberth und Dr. med. Alexander Eberth","publisher":{"@id":"https:\/\/www.alexeberth.bplaced.net\/wordpress\/#organization"},"potentialAction":[{"@type":"SearchAction","target":{"@type":"EntryPoint","urlTemplate":"https:\/\/www.alexeberth.bplaced.net\/wordpress\/?s={search_term_string}"},"query-input":{"@type":"PropertyValueSpecification","valueRequired":true,"valueName":"search_term_string"}}],"inLanguage":"de"},{"@type":"Organization","@id":"https:\/\/www.alexeberth.bplaced.net\/wordpress\/#organization","name":"Gemeinschaftspraxis Dr. med. Eberth","url":"https:\/\/www.alexeberth.bplaced.net\/wordpress\/","logo":{"@type":"ImageObject","inLanguage":"de","@id":"https:\/\/www.alexeberth.bplaced.net\/wordpress\/#\/schema\/logo\/image\/","url":"https:\/\/www.alexeberth.bplaced.net\/wordpress\/wp-content\/uploads\/2023\/06\/Praxis-Logo-ganzklein.png","contentUrl":"https:\/\/www.alexeberth.bplaced.net\/wordpress\/wp-content\/uploads\/2023\/06\/Praxis-Logo-ganzklein.png","width":60,"height":33,"caption":"Gemeinschaftspraxis Dr. med. Eberth"},"image":{"@id":"https:\/\/www.alexeberth.bplaced.net\/wordpress\/#\/schema\/logo\/image\/"}}]}},"_links":{"self":[{"href":"https:\/\/www.alexeberth.bplaced.net\/wordpress\/wp-json\/wp\/v2\/pages\/8","targetHints":{"allow":["GET"]}}],"collection":[{"href":"https:\/\/www.alexeberth.bplaced.net\/wordpress\/wp-json\/wp\/v2\/pages"}],"about":[{"href":"https:\/\/www.alexeberth.bplaced.net\/wordpress\/wp-json\/wp\/v2\/types\/page"}],"author":[{"embeddable":true,"href":"https:\/\/www.alexeberth.bplaced.net\/wordpress\/wp-json\/wp\/v2\/users\/1"}],"replies":[{"embeddable":true,"href":"https:\/\/www.alexeberth.bplaced.net\/wordpress\/wp-json\/wp\/v2\/comments?post=8"}],"version-history":[{"count":3,"href":"https:\/\/www.alexeberth.bplaced.net\/wordpress\/wp-json\/wp\/v2\/pages\/8\/revisions"}],"predecessor-version":[{"id":3836,"href":"https:\/\/www.alexeberth.bplaced.net\/wordpress\/wp-json\/wp\/v2\/pages\/8\/revisions\/3836"}],"wp:attachment":[{"href":"https:\/\/www.alexeberth.bplaced.net\/wordpress\/wp-json\/wp\/v2\/media?parent=8"}],"curies":[{"name":"wp","href":"https:\/\/api.w.org\/{rel}","templated":true}]}}