{"id":3588,"date":"2024-06-09T20:17:11","date_gmt":"2024-06-09T18:17:11","guid":{"rendered":"https:\/\/www.alexeberth.bplaced.net\/wordpress\/?page_id=3588"},"modified":"2024-08-23T15:33:17","modified_gmt":"2024-08-23T13:33:17","slug":"schadensalarm-bearbeitung-durch-stadt-gemeindeverwaltung","status":"publish","type":"page","link":"https:\/\/www.alexeberth.bplaced.net\/wordpress\/schadensalarm-bearbeitung-durch-stadt-gemeindeverwaltung\/","title":{"rendered":"SchadensAlarm <br>Bearbeitung durch Stadt-\/Gemeindeverwaltung"},"content":{"rendered":"<p><a href=\"..\/..\/schadensalarm\/index.html\" rel=\"noopener\" target=\"_blank\"><strong>Schadens<span style=\"font-size:40px\">A<\/span>larm <\/strong><\/a>ist die Plattform f\u00fcr B\u00fcrgeranliegen an die Stadt- bzw. Gemeindeverwaltung. Hier\u00fcber k\u00f6nnen verschiedene Sch\u00e4den oder Verunreinigungen an \u00f6ffentlichen Einrichtungen weltweit gemeldet werden.<\/p>\n<h2>Wie funktioniert der SchadensAlarm?<\/h2>\n<p>Ob Schlagloch, M\u00fcll oder defekte Stra\u00dfenbeleuchtung: Mit dem SchadensAlarm k\u00f6nnen Sie B\u00fcrgeranliegen digital annehmen, zentral verwalten und effizient bearbeiten.<\/p>\n<div style=\"float:left; margin: 10px;\">\n<div style=\"float:left; color:#1188cc; font-size:50px; padding:10px 10px;\">\u2776<\/div>\n<div>Das Anliegen wird mit allen wichtigen Details wie Kategorie, GPS-genaue Ortsposition, Beschreibung und optional einem Foto mit der <a href=\"..\/..\/schadensalarm\/index.html\">SchadensAlarm-Webseite<\/a> abgeschickt.<\/div>\n<\/div>\n<div style=\"float:left; margin: 10px;\">\n<div style=\"float:left; color:#1188cc; font-size:50px; padding:10px;\">\u2777<\/div>\n<div>Die Meldung wird in unserem System gespeichert und kann in der <a href=\"..\/..\/schadensalarm\/auswertung.html\">\u00f6ffentlichen Karte<\/a> eingesehen werden.<\/div>\n<\/div>\n<div style=\"float:left; margin: 10px;\">\n<div style=\"float:left; color:#1188cc; font-size:50px; padding:10px;\">\u2778<\/div>\n<div>Im <a href=\"..\/..\/schadensalarm\/auswertung2.html\">internen Bearbeitungsbereich<\/a> von SchadensAlarm k\u00f6nnen Sie die Meldung durch die \u00fcbersichtliche Oberfl\u00e4che und viele Funktionen schnell und effizient bearbeiten.<\/div>\n<\/div>\n<div style=\"float:left; margin: 10px;\">\n<div style=\"float:left; color:#1188cc; font-size:50px; padding:10px;\">\u2779<\/div>\n<div>Erstellen Sie digitale Arbeitslisten mit einem Klick, die Sie an die ausf\u00fchrenden Stellen schicken. Durch Anklicken des generierten Links \u00f6ffnet sich die Seite f\u00fcr die Arbeiter mit Ihren Anweisungen.<\/div>\n<\/div>\n<div style=\"float:left; margin: 10px;\">\n<div style=\"float:left; color:#1188cc; font-size:50px; padding:20px 10px 20px 10px;\">\u277a<\/div>\n<div>Wurde der Schaden behoben, k\u00f6nnen die Arbeiter den Schaden als repariert melden. So informiert das System B\u00fcrgerinnen und B\u00fcrger automatisch \u00fcber die Erledigung des Anliegens. Eine echte Arbeitserleichterung und Zeitersparnis f\u00fcr die Verwaltung.<\/div>\n<\/div>\n<div style=\"clear:left\"><\/div>\n<h2>Intuitiver Arbeitsbereich<\/h2>\n<p>Im internen Bearbeitungsbereich sehen Sie alle Meldungen auf einen Blick. Hier k\u00f6nnen Sie die Meldungen nach Ort, Schadensart, Zeitraum und Bearbeitungsstatus filtern und den Status bearbeiten. Bei Bedarf k\u00f6nnen Sie einzelne oder alle Meldungen in die Arbeitsliste aufnehmen. Die erstellte Arbeitsliste wird mit einem Klick in einen digitalen Link umgewandelt, den Sie an die ausf\u00fchrende Stelle versenden k\u00f6nnen. Hier gelangen Sie zu Ihrem <button style=\"padding: 10px; background-color: #1188cc; color:white; border:none; box-shadow: 3px 3px 5px rgba(0, 0, 0, 0.5); cursor:pointer;\" onclick=\"window.location.href='..\/..\/schadensalarm\/auswertung2.html'\">Arbeitsbereich f\u00fcr Kommunen<\/button>.<\/p>\n<p><img decoding=\"async\" src=\"..\/..\/schadensalarm\/bearbeitung.png\" alt=\"SchadensAlarm Bearbeitung\"  style=\"padding: 10px; border: solid 1px #1188cc;\"\/><\/p>\n<h2>\u00dcbersichtliche Anliegen-Karte<\/h2>\n<p>Auf der <button style=\"padding: 10px; background-color: #1188cc; color:white; border:none; box-shadow: 3px 3px 5px rgba(0, 0, 0, 0.5); cursor:pointer;\" onclick=\"window.location.href='..\/..\/schadensalarm\/auswertung.html'\">\u00f6ffentlichen Karte<\/button> sehen alle Beteiligten den Bearbeitungsstand der Meldungen. Farbige Marker zeigen den Fortschritt an. Dank dieser transparenten L\u00f6sung sind die B\u00fcrgerinnen und B\u00fcrger stets gut informiert.<\/p>\n<h2>Einfache Einbindung in Ihren Web-Auftritt<\/h2>\n<p>Damit Ihre Bev\u00f6lkerung M\u00e4ngel und Sch\u00e4den melden kann, verlinken Sie den <button style=\"padding: 10px; background-color: #1188cc; color:white; border:none; box-shadow: 3px 3px 5px rgba(0, 0, 0, 0.5); cursor:pointer;\" onclick=\"window.location.href='..\/..\/schadensalarm\/index.html'\"><strong>Schadens<span style=\"font-size:40px\">A<\/span>larm <\/strong><\/button> einfach in die Homepage Ihrer Stadt- bzw. Gemeindeverwaltung oder erstellen Sie ein iframe der SchadensAlarm-Meldeseite in Ihrer Seite <\/p>\n<pre>&lt;iframe src=\"https:\/\/www.alexeberth.bplaced.net\/schadensalarm\/index.html\" &gt;&lt;\/iframe&gt;<\/pre>\n<p>Sie zeigen damit B\u00fcrgern\u00e4he und das Interesse an den Anliegen Ihrer Bev\u00f6lkerung.<\/p>\n<h2>Kosten<\/h2>\n<p>Die Nutzung dieses Tools ist f\u00fcr die B\u00fcrgerinnen und B\u00fcrger kostenfrei. Die Nutzungslizenz f\u00fcr Ihre gesamte Gemeindeverwaltung betr\u00e4gt 10 \u20ac im Monat.<\/p>\n","protected":false},"excerpt":{"rendered":"<p>SchadensAlarm ist die Plattform f\u00fcr B\u00fcrgeranliegen an die Stadt- bzw. Gemeindeverwaltung. Hier\u00fcber k\u00f6nnen verschiedene Sch\u00e4den oder Verunreinigungen an \u00f6ffentlichen Einrichtungen weltweit gemeldet werden. Wie funktioniert der SchadensAlarm? Ob Schlagloch, M\u00fcll oder defekte Stra\u00dfenbeleuchtung: Mit dem SchadensAlarm k\u00f6nnen Sie B\u00fcrgeranliegen digital annehmen, zentral verwalten und effizient bearbeiten. \u2776 Das Anliegen wird mit allen wichtigen Details wie Kategorie, GPS-genaue Ortsposition, Beschreibung und [&hellip;]<\/p>\n","protected":false},"author":1,"featured_media":0,"parent":0,"menu_order":0,"comment_status":"closed","ping_status":"closed","template":"","meta":{"footnotes":""},"class_list":["post-3588","page","type-page","status-publish","hentry"],"yoast_head":"<!-- This site is optimized with the Yoast SEO plugin v27.4 - https:\/\/yoast.com\/product\/yoast-seo-wordpress\/ -->\n<title>SchadensAlarm Bearbeitung durch Stadt-\/Gemeindeverwaltung - Gemeinschaftspraxis Dr. med. Eberth<\/title>\n<meta name=\"robots\" content=\"index, follow, max-snippet:-1, max-image-preview:large, max-video-preview:-1\" \/>\n<link rel=\"canonical\" href=\"https:\/\/www.alexeberth.bplaced.net\/wordpress\/schadensalarm-bearbeitung-durch-stadt-gemeindeverwaltung\/\" \/>\n<meta property=\"og:locale\" content=\"de_DE\" \/>\n<meta property=\"og:type\" content=\"article\" \/>\n<meta property=\"og:title\" content=\"SchadensAlarm Bearbeitung durch Stadt-\/Gemeindeverwaltung - Gemeinschaftspraxis Dr. med. Eberth\" \/>\n<meta property=\"og:description\" content=\"SchadensAlarm ist die Plattform f\u00fcr B\u00fcrgeranliegen an die Stadt- bzw. Gemeindeverwaltung. Hier\u00fcber k\u00f6nnen verschiedene Sch\u00e4den oder Verunreinigungen an \u00f6ffentlichen Einrichtungen weltweit gemeldet werden. Wie funktioniert der SchadensAlarm? Ob Schlagloch, M\u00fcll oder defekte Stra\u00dfenbeleuchtung: Mit dem SchadensAlarm k\u00f6nnen Sie B\u00fcrgeranliegen digital annehmen, zentral verwalten und effizient bearbeiten. \u2776 Das Anliegen wird mit allen wichtigen Details wie Kategorie, GPS-genaue Ortsposition, Beschreibung und [&hellip;]\" \/>\n<meta property=\"og:url\" content=\"https:\/\/www.alexeberth.bplaced.net\/wordpress\/schadensalarm-bearbeitung-durch-stadt-gemeindeverwaltung\/\" \/>\n<meta property=\"og:site_name\" content=\"Gemeinschaftspraxis Dr. med. Eberth\" \/>\n<meta property=\"article:modified_time\" content=\"2024-08-23T13:33:17+00:00\" \/>\n<meta name=\"twitter:card\" content=\"summary_large_image\" \/>\n<meta name=\"twitter:label1\" content=\"Gesch\u00e4tzte Lesezeit\" \/>\n\t<meta name=\"twitter:data1\" content=\"3\u00a0Minuten\" \/>\n<script type=\"application\/ld+json\" class=\"yoast-schema-graph\">{\"@context\":\"https:\\\/\\\/schema.org\",\"@graph\":[{\"@type\":\"WebPage\",\"@id\":\"https:\\\/\\\/www.alexeberth.bplaced.net\\\/wordpress\\\/schadensalarm-bearbeitung-durch-stadt-gemeindeverwaltung\\\/\",\"url\":\"https:\\\/\\\/www.alexeberth.bplaced.net\\\/wordpress\\\/schadensalarm-bearbeitung-durch-stadt-gemeindeverwaltung\\\/\",\"name\":\"SchadensAlarm Bearbeitung durch Stadt-\\\/Gemeindeverwaltung - Gemeinschaftspraxis Dr. med. Eberth\",\"isPartOf\":{\"@id\":\"https:\\\/\\\/www.alexeberth.bplaced.net\\\/wordpress\\\/#website\"},\"datePublished\":\"2024-06-09T18:17:11+00:00\",\"dateModified\":\"2024-08-23T13:33:17+00:00\",\"breadcrumb\":{\"@id\":\"https:\\\/\\\/www.alexeberth.bplaced.net\\\/wordpress\\\/schadensalarm-bearbeitung-durch-stadt-gemeindeverwaltung\\\/#breadcrumb\"},\"inLanguage\":\"de\",\"potentialAction\":[{\"@type\":\"ReadAction\",\"target\":[\"https:\\\/\\\/www.alexeberth.bplaced.net\\\/wordpress\\\/schadensalarm-bearbeitung-durch-stadt-gemeindeverwaltung\\\/\"]}]},{\"@type\":\"BreadcrumbList\",\"@id\":\"https:\\\/\\\/www.alexeberth.bplaced.net\\\/wordpress\\\/schadensalarm-bearbeitung-durch-stadt-gemeindeverwaltung\\\/#breadcrumb\",\"itemListElement\":[{\"@type\":\"ListItem\",\"position\":1,\"name\":\"Startseite\",\"item\":\"https:\\\/\\\/www.alexeberth.bplaced.net\\\/wordpress\\\/\"},{\"@type\":\"ListItem\",\"position\":2,\"name\":\"SchadensAlarm Bearbeitung durch Stadt-\\\/Gemeindeverwaltung\"}]},{\"@type\":\"WebSite\",\"@id\":\"https:\\\/\\\/www.alexeberth.bplaced.net\\\/wordpress\\\/#website\",\"url\":\"https:\\\/\\\/www.alexeberth.bplaced.net\\\/wordpress\\\/\",\"name\":\"Gemeinschaftspraxis Dr. med. Eberth\",\"description\":\"Dr. med. Silke Eberth und Dr. med. Alexander Eberth\",\"publisher\":{\"@id\":\"https:\\\/\\\/www.alexeberth.bplaced.net\\\/wordpress\\\/#organization\"},\"potentialAction\":[{\"@type\":\"SearchAction\",\"target\":{\"@type\":\"EntryPoint\",\"urlTemplate\":\"https:\\\/\\\/www.alexeberth.bplaced.net\\\/wordpress\\\/?s={search_term_string}\"},\"query-input\":{\"@type\":\"PropertyValueSpecification\",\"valueRequired\":true,\"valueName\":\"search_term_string\"}}],\"inLanguage\":\"de\"},{\"@type\":\"Organization\",\"@id\":\"https:\\\/\\\/www.alexeberth.bplaced.net\\\/wordpress\\\/#organization\",\"name\":\"Gemeinschaftspraxis Dr. med. Eberth\",\"url\":\"https:\\\/\\\/www.alexeberth.bplaced.net\\\/wordpress\\\/\",\"logo\":{\"@type\":\"ImageObject\",\"inLanguage\":\"de\",\"@id\":\"https:\\\/\\\/www.alexeberth.bplaced.net\\\/wordpress\\\/#\\\/schema\\\/logo\\\/image\\\/\",\"url\":\"https:\\\/\\\/www.alexeberth.bplaced.net\\\/wordpress\\\/wp-content\\\/uploads\\\/2023\\\/06\\\/Praxis-Logo-ganzklein.png\",\"contentUrl\":\"https:\\\/\\\/www.alexeberth.bplaced.net\\\/wordpress\\\/wp-content\\\/uploads\\\/2023\\\/06\\\/Praxis-Logo-ganzklein.png\",\"width\":60,\"height\":33,\"caption\":\"Gemeinschaftspraxis Dr. med. Eberth\"},\"image\":{\"@id\":\"https:\\\/\\\/www.alexeberth.bplaced.net\\\/wordpress\\\/#\\\/schema\\\/logo\\\/image\\\/\"}}]}<\/script>\n<!-- \/ Yoast SEO plugin. -->","yoast_head_json":{"title":"SchadensAlarm Bearbeitung durch Stadt-\/Gemeindeverwaltung - Gemeinschaftspraxis Dr. med. Eberth","robots":{"index":"index","follow":"follow","max-snippet":"max-snippet:-1","max-image-preview":"max-image-preview:large","max-video-preview":"max-video-preview:-1"},"canonical":"https:\/\/www.alexeberth.bplaced.net\/wordpress\/schadensalarm-bearbeitung-durch-stadt-gemeindeverwaltung\/","og_locale":"de_DE","og_type":"article","og_title":"SchadensAlarm Bearbeitung durch Stadt-\/Gemeindeverwaltung - Gemeinschaftspraxis Dr. med. Eberth","og_description":"SchadensAlarm ist die Plattform f\u00fcr B\u00fcrgeranliegen an die Stadt- bzw. Gemeindeverwaltung. Hier\u00fcber k\u00f6nnen verschiedene Sch\u00e4den oder Verunreinigungen an \u00f6ffentlichen Einrichtungen weltweit gemeldet werden. Wie funktioniert der SchadensAlarm? Ob Schlagloch, M\u00fcll oder defekte Stra\u00dfenbeleuchtung: Mit dem SchadensAlarm k\u00f6nnen Sie B\u00fcrgeranliegen digital annehmen, zentral verwalten und effizient bearbeiten. \u2776 Das Anliegen wird mit allen wichtigen Details wie Kategorie, GPS-genaue Ortsposition, Beschreibung und [&hellip;]","og_url":"https:\/\/www.alexeberth.bplaced.net\/wordpress\/schadensalarm-bearbeitung-durch-stadt-gemeindeverwaltung\/","og_site_name":"Gemeinschaftspraxis Dr. med. Eberth","article_modified_time":"2024-08-23T13:33:17+00:00","twitter_card":"summary_large_image","twitter_misc":{"Gesch\u00e4tzte Lesezeit":"3\u00a0Minuten"},"schema":{"@context":"https:\/\/schema.org","@graph":[{"@type":"WebPage","@id":"https:\/\/www.alexeberth.bplaced.net\/wordpress\/schadensalarm-bearbeitung-durch-stadt-gemeindeverwaltung\/","url":"https:\/\/www.alexeberth.bplaced.net\/wordpress\/schadensalarm-bearbeitung-durch-stadt-gemeindeverwaltung\/","name":"SchadensAlarm Bearbeitung durch Stadt-\/Gemeindeverwaltung - Gemeinschaftspraxis Dr. med. Eberth","isPartOf":{"@id":"https:\/\/www.alexeberth.bplaced.net\/wordpress\/#website"},"datePublished":"2024-06-09T18:17:11+00:00","dateModified":"2024-08-23T13:33:17+00:00","breadcrumb":{"@id":"https:\/\/www.alexeberth.bplaced.net\/wordpress\/schadensalarm-bearbeitung-durch-stadt-gemeindeverwaltung\/#breadcrumb"},"inLanguage":"de","potentialAction":[{"@type":"ReadAction","target":["https:\/\/www.alexeberth.bplaced.net\/wordpress\/schadensalarm-bearbeitung-durch-stadt-gemeindeverwaltung\/"]}]},{"@type":"BreadcrumbList","@id":"https:\/\/www.alexeberth.bplaced.net\/wordpress\/schadensalarm-bearbeitung-durch-stadt-gemeindeverwaltung\/#breadcrumb","itemListElement":[{"@type":"ListItem","position":1,"name":"Startseite","item":"https:\/\/www.alexeberth.bplaced.net\/wordpress\/"},{"@type":"ListItem","position":2,"name":"SchadensAlarm Bearbeitung durch Stadt-\/Gemeindeverwaltung"}]},{"@type":"WebSite","@id":"https:\/\/www.alexeberth.bplaced.net\/wordpress\/#website","url":"https:\/\/www.alexeberth.bplaced.net\/wordpress\/","name":"Gemeinschaftspraxis Dr. med. Eberth","description":"Dr. med. Silke Eberth und Dr. med. Alexander Eberth","publisher":{"@id":"https:\/\/www.alexeberth.bplaced.net\/wordpress\/#organization"},"potentialAction":[{"@type":"SearchAction","target":{"@type":"EntryPoint","urlTemplate":"https:\/\/www.alexeberth.bplaced.net\/wordpress\/?s={search_term_string}"},"query-input":{"@type":"PropertyValueSpecification","valueRequired":true,"valueName":"search_term_string"}}],"inLanguage":"de"},{"@type":"Organization","@id":"https:\/\/www.alexeberth.bplaced.net\/wordpress\/#organization","name":"Gemeinschaftspraxis Dr. med. Eberth","url":"https:\/\/www.alexeberth.bplaced.net\/wordpress\/","logo":{"@type":"ImageObject","inLanguage":"de","@id":"https:\/\/www.alexeberth.bplaced.net\/wordpress\/#\/schema\/logo\/image\/","url":"https:\/\/www.alexeberth.bplaced.net\/wordpress\/wp-content\/uploads\/2023\/06\/Praxis-Logo-ganzklein.png","contentUrl":"https:\/\/www.alexeberth.bplaced.net\/wordpress\/wp-content\/uploads\/2023\/06\/Praxis-Logo-ganzklein.png","width":60,"height":33,"caption":"Gemeinschaftspraxis Dr. med. Eberth"},"image":{"@id":"https:\/\/www.alexeberth.bplaced.net\/wordpress\/#\/schema\/logo\/image\/"}}]}},"_links":{"self":[{"href":"https:\/\/www.alexeberth.bplaced.net\/wordpress\/wp-json\/wp\/v2\/pages\/3588","targetHints":{"allow":["GET"]}}],"collection":[{"href":"https:\/\/www.alexeberth.bplaced.net\/wordpress\/wp-json\/wp\/v2\/pages"}],"about":[{"href":"https:\/\/www.alexeberth.bplaced.net\/wordpress\/wp-json\/wp\/v2\/types\/page"}],"author":[{"embeddable":true,"href":"https:\/\/www.alexeberth.bplaced.net\/wordpress\/wp-json\/wp\/v2\/users\/1"}],"replies":[{"embeddable":true,"href":"https:\/\/www.alexeberth.bplaced.net\/wordpress\/wp-json\/wp\/v2\/comments?post=3588"}],"version-history":[{"count":3,"href":"https:\/\/www.alexeberth.bplaced.net\/wordpress\/wp-json\/wp\/v2\/pages\/3588\/revisions"}],"predecessor-version":[{"id":3732,"href":"https:\/\/www.alexeberth.bplaced.net\/wordpress\/wp-json\/wp\/v2\/pages\/3588\/revisions\/3732"}],"wp:attachment":[{"href":"https:\/\/www.alexeberth.bplaced.net\/wordpress\/wp-json\/wp\/v2\/media?parent=3588"}],"curies":[{"name":"wp","href":"https:\/\/api.w.org\/{rel}","templated":true}]}}