{"id":3556,"date":"2024-06-09T10:18:46","date_gmt":"2024-06-09T08:18:46","guid":{"rendered":"https:\/\/www.alexeberth.bplaced.net\/wordpress\/?page_id=3556"},"modified":"2025-03-02T11:00:29","modified_gmt":"2025-03-02T10:00:29","slug":"schadensalarm","status":"publish","type":"page","link":"https:\/\/www.alexeberth.bplaced.net\/wordpress\/schadensalarm\/","title":{"rendered":"SchadensAlarm"},"content":{"rendered":"<p><a href=\"..\/..\/schadensalarm\/index.html\" rel=\"noopener\" target=\"_blank\"><strong>Schadens<span style=\"font-size:40px\">A<\/span>larm <\/strong><\/a>ist die Plattform f\u00fcr Ihr B\u00fcrgeranliegen an die Stadt- bzw. Gemeindeverwaltung. Hier\u00fcber k\u00f6nnen verschiedene Sch\u00e4den oder Verunreinigungen an \u00f6ffentlichen Einrichtungen weltweit gemeldet werden.<\/p>\n<p><strong>Sch\u00e4den oder Verunreinigungen k\u00f6nnen z. B. sein:<\/strong><\/p>\n<ul>\n<img decoding=\"async\" src=\"https:\/\/www.alexeberth.bplaced.net\/schadensalarm\/eingabe.png\" alt=\"SchadensAlarm-Eingabe\" style=\"float:left; margin-right:20px\"\/><\/p>\n<li>Schlagl\u00f6cher oder Risse<\/li>\n<li>Huckel oder Wurzeln in Rad- und Fu\u00dfwegen<\/li>\n<li>M\u00fcll und Glasscherben<\/li>\n<li>versperrte Wanderwege<\/li>\n<li>fehlende Beschilderungen<\/li>\n<li>Wildwuchs und Totholz in Gr\u00fcnanlagen<\/li>\n<li>defekte Spielger\u00e4te auf Spielpl\u00e4tzen<\/li>\n<li>defekte Beleuchtung<\/li>\n<li>fehlende runde Kanaldeckel<\/li>\n<li>defekte Ampeln<\/li>\n<li>kaputte Parkscheinautomaten oder Bushaltestellen<\/li>\n<li>besch\u00e4digte, defekte oder zugewucherte Verkehrs- bzw. Stra\u00dfenschilder<\/li>\n<li>verstopfte Gullys\/Sinkk\u00e4sten\/Kan\u00e4le\/Entw\u00e4sserungsgr\u00e4ben<\/li>\n<\/ul>\n<p>F\u00fcr die Schadensmeldung ben\u00f6tigen Sie einen Webbrowser, der<strong> GPS-Daten<\/strong> verarbeiten kann (z. B. Google Chrome) und Ihre Freigabe. Durch die Verkn\u00fcpfung Ihrer Meldung mit Ihren GPS-Daten kann der Schaden punktgenau lokalisiert werden. Gerne f\u00fcgen Sie noch ein Foto des Mangels hinzu. Dieses wird zu ihrer Meldung \u00f6ffentlich sichtbar: Fotos d\u00fcrfen ausschlie\u00dflich den jeweiligen Schaden bzw. den Ort der Verunreinigung enthalten. Personen, KFZ-Kennzeichen oder auch Einblicke in die Privatsph\u00e4re (z.B. Wohnungen, Privatg\u00e4rten) d\u00fcrfen nicht zu sehen sein.<\/p>\n<p>Die Meldung eines Schadens ist f\u00fcr die Meldende bzw. den Meldenden kostenlos und anonym. Es werden keine personenbezogenen Daten erhoben. F\u00fcr die Meldung wird ein Internetzugang ben\u00f6tigt.<\/p>\n<p>Hier k\u00f6nnen Sie einen <button style=\"padding: 10px; background-color: #1188cc; color:white; border:none; box-shadow: 3px 3px 5px rgba(0, 0, 0, 0.5); cursor:pointer;\" onclick=\"window.location.href='..\/..\/schadensalarm\/index.html'\">Schaden melden<\/button><\/p>\n<p><strong>Bitte beachten Sie:<\/strong> <\/p>\n<ul>\n<li style=\"color:red; font-weight:bold\">Benutzen Sie dieses System niemals, um Notf\u00e4lle zu melden. <br \/>Verwenden Sie hierzu die Telefonnummern von Polizei (110), Feuerwehr und Rettungsdienst (112).<\/li>\n<p><img decoding=\"async\" src=\"..\/..\/schadensalarm\/auswertung.gif\" alt=\"MangelAlarm-Auswertung\" style=\"float:left; margin-right:20px\"\/><\/p>\n<li>Vermeiden Sie mehrfache Meldungen desselben Mangels: Anhand der Karte sehen Sie, ob der Mangel bereits gemeldet wurde. Sie k\u00f6nnen den Bearbeitungsstatus aller Anliegen jederzeit transparent auf der <button style=\"padding: 10px; background-color: #1188cc; color:white; border:none; box-shadow: 3px 3px 5px rgba(0, 0, 0, 0.5); cursor:pointer;\" onclick=\"window.location.href='..\/..\/schadensalarm\/auswertung.html'\">Auswertungsseite<\/button> in Ihrem Webbrowser einsehen.<\/li>\n<li>M\u00e4ngel, die den Status &#8222;repariert&#8220; bekommen haben, werden nach Erledigung durch die Kommune gel\u00f6scht, damit die Karte \u00fcbersichtlich bleibt. <\/li>\n<li>Die Bearbeitung Ihres Anliegens durch die jeweiligen St\u00e4dte und Gemeinden erfolgt ausschlie\u00dflich auf freiwilliger Basis.<\/li>\n<\/ul>\n<p>Bitte beachten Sie auch unsere Hinweise zum <a href=\"..\/..\/schadensalarm\/impressum.html\" rel=\"noopener\" target=\"_blank\">Datenschutz<\/a>.<\/p>\n","protected":false},"excerpt":{"rendered":"<p>SchadensAlarm ist die Plattform f\u00fcr Ihr B\u00fcrgeranliegen an die Stadt- bzw. Gemeindeverwaltung. Hier\u00fcber k\u00f6nnen verschiedene Sch\u00e4den oder Verunreinigungen an \u00f6ffentlichen Einrichtungen weltweit gemeldet werden. Sch\u00e4den oder Verunreinigungen k\u00f6nnen z. B. sein: Schlagl\u00f6cher oder Risse Huckel oder Wurzeln in Rad- und Fu\u00dfwegen M\u00fcll und Glasscherben versperrte Wanderwege fehlende Beschilderungen Wildwuchs und Totholz in Gr\u00fcnanlagen defekte Spielger\u00e4te auf Spielpl\u00e4tzen defekte Beleuchtung fehlende [&hellip;]<\/p>\n","protected":false},"author":1,"featured_media":0,"parent":0,"menu_order":0,"comment_status":"closed","ping_status":"closed","template":"","meta":{"footnotes":""},"class_list":["post-3556","page","type-page","status-publish","hentry"],"yoast_head":"<!-- This site is optimized with the Yoast SEO plugin v27.4 - https:\/\/yoast.com\/product\/yoast-seo-wordpress\/ -->\n<title>SchadensAlarm - Gemeinschaftspraxis Dr. med. Eberth<\/title>\n<meta name=\"description\" content=\"MangelAlarm sendet Ihr B\u00fcrgeranliegen an die Stadt- bzw. Gemeindeverwaltung. Melden Sie Sch\u00e4den an \u00f6ffentlichen Einrichtungen.\" \/>\n<meta name=\"robots\" content=\"index, follow, max-snippet:-1, max-image-preview:large, max-video-preview:-1\" \/>\n<link rel=\"canonical\" href=\"https:\/\/www.alexeberth.bplaced.net\/wordpress\/schadensalarm\/\" \/>\n<meta property=\"og:locale\" content=\"de_DE\" \/>\n<meta property=\"og:type\" content=\"article\" \/>\n<meta property=\"og:title\" content=\"SchadensAlarm - Gemeinschaftspraxis Dr. med. Eberth\" \/>\n<meta property=\"og:description\" content=\"MangelAlarm sendet Ihr B\u00fcrgeranliegen an die Stadt- bzw. Gemeindeverwaltung. Melden Sie Sch\u00e4den an \u00f6ffentlichen Einrichtungen.\" \/>\n<meta property=\"og:url\" content=\"https:\/\/www.alexeberth.bplaced.net\/wordpress\/schadensalarm\/\" \/>\n<meta property=\"og:site_name\" content=\"Gemeinschaftspraxis Dr. med. Eberth\" \/>\n<meta property=\"article:modified_time\" content=\"2025-03-02T10:00:29+00:00\" \/>\n<meta property=\"og:image\" content=\"https:\/\/www.alexeberth.bplaced.net\/schadensalarm\/eingabe.png\" \/>\n<meta name=\"twitter:card\" content=\"summary_large_image\" \/>\n<meta name=\"twitter:label1\" content=\"Gesch\u00e4tzte Lesezeit\" \/>\n\t<meta name=\"twitter:data1\" content=\"2\u00a0Minuten\" \/>\n<script type=\"application\/ld+json\" class=\"yoast-schema-graph\">{\"@context\":\"https:\\\/\\\/schema.org\",\"@graph\":[{\"@type\":\"WebPage\",\"@id\":\"https:\\\/\\\/www.alexeberth.bplaced.net\\\/wordpress\\\/schadensalarm\\\/\",\"url\":\"https:\\\/\\\/www.alexeberth.bplaced.net\\\/wordpress\\\/schadensalarm\\\/\",\"name\":\"SchadensAlarm - Gemeinschaftspraxis Dr. med. Eberth\",\"isPartOf\":{\"@id\":\"https:\\\/\\\/www.alexeberth.bplaced.net\\\/wordpress\\\/#website\"},\"primaryImageOfPage\":{\"@id\":\"https:\\\/\\\/www.alexeberth.bplaced.net\\\/wordpress\\\/schadensalarm\\\/#primaryimage\"},\"image\":{\"@id\":\"https:\\\/\\\/www.alexeberth.bplaced.net\\\/wordpress\\\/schadensalarm\\\/#primaryimage\"},\"thumbnailUrl\":\"https:\\\/\\\/www.alexeberth.bplaced.net\\\/schadensalarm\\\/eingabe.png\",\"datePublished\":\"2024-06-09T08:18:46+00:00\",\"dateModified\":\"2025-03-02T10:00:29+00:00\",\"description\":\"MangelAlarm sendet Ihr B\u00fcrgeranliegen an die Stadt- bzw. Gemeindeverwaltung. Melden Sie Sch\u00e4den an \u00f6ffentlichen Einrichtungen.\",\"breadcrumb\":{\"@id\":\"https:\\\/\\\/www.alexeberth.bplaced.net\\\/wordpress\\\/schadensalarm\\\/#breadcrumb\"},\"inLanguage\":\"de\",\"potentialAction\":[{\"@type\":\"ReadAction\",\"target\":[\"https:\\\/\\\/www.alexeberth.bplaced.net\\\/wordpress\\\/schadensalarm\\\/\"]}]},{\"@type\":\"ImageObject\",\"inLanguage\":\"de\",\"@id\":\"https:\\\/\\\/www.alexeberth.bplaced.net\\\/wordpress\\\/schadensalarm\\\/#primaryimage\",\"url\":\"https:\\\/\\\/www.alexeberth.bplaced.net\\\/schadensalarm\\\/eingabe.png\",\"contentUrl\":\"https:\\\/\\\/www.alexeberth.bplaced.net\\\/schadensalarm\\\/eingabe.png\"},{\"@type\":\"BreadcrumbList\",\"@id\":\"https:\\\/\\\/www.alexeberth.bplaced.net\\\/wordpress\\\/schadensalarm\\\/#breadcrumb\",\"itemListElement\":[{\"@type\":\"ListItem\",\"position\":1,\"name\":\"Startseite\",\"item\":\"https:\\\/\\\/www.alexeberth.bplaced.net\\\/wordpress\\\/\"},{\"@type\":\"ListItem\",\"position\":2,\"name\":\"SchadensAlarm\"}]},{\"@type\":\"WebSite\",\"@id\":\"https:\\\/\\\/www.alexeberth.bplaced.net\\\/wordpress\\\/#website\",\"url\":\"https:\\\/\\\/www.alexeberth.bplaced.net\\\/wordpress\\\/\",\"name\":\"Gemeinschaftspraxis Dr. med. Eberth\",\"description\":\"Dr. med. Silke Eberth und Dr. med. Alexander Eberth\",\"publisher\":{\"@id\":\"https:\\\/\\\/www.alexeberth.bplaced.net\\\/wordpress\\\/#organization\"},\"potentialAction\":[{\"@type\":\"SearchAction\",\"target\":{\"@type\":\"EntryPoint\",\"urlTemplate\":\"https:\\\/\\\/www.alexeberth.bplaced.net\\\/wordpress\\\/?s={search_term_string}\"},\"query-input\":{\"@type\":\"PropertyValueSpecification\",\"valueRequired\":true,\"valueName\":\"search_term_string\"}}],\"inLanguage\":\"de\"},{\"@type\":\"Organization\",\"@id\":\"https:\\\/\\\/www.alexeberth.bplaced.net\\\/wordpress\\\/#organization\",\"name\":\"Gemeinschaftspraxis Dr. med. Eberth\",\"url\":\"https:\\\/\\\/www.alexeberth.bplaced.net\\\/wordpress\\\/\",\"logo\":{\"@type\":\"ImageObject\",\"inLanguage\":\"de\",\"@id\":\"https:\\\/\\\/www.alexeberth.bplaced.net\\\/wordpress\\\/#\\\/schema\\\/logo\\\/image\\\/\",\"url\":\"https:\\\/\\\/www.alexeberth.bplaced.net\\\/wordpress\\\/wp-content\\\/uploads\\\/2023\\\/06\\\/Praxis-Logo-ganzklein.png\",\"contentUrl\":\"https:\\\/\\\/www.alexeberth.bplaced.net\\\/wordpress\\\/wp-content\\\/uploads\\\/2023\\\/06\\\/Praxis-Logo-ganzklein.png\",\"width\":60,\"height\":33,\"caption\":\"Gemeinschaftspraxis Dr. med. Eberth\"},\"image\":{\"@id\":\"https:\\\/\\\/www.alexeberth.bplaced.net\\\/wordpress\\\/#\\\/schema\\\/logo\\\/image\\\/\"}}]}<\/script>\n<!-- \/ Yoast SEO plugin. -->","yoast_head_json":{"title":"SchadensAlarm - Gemeinschaftspraxis Dr. med. Eberth","description":"MangelAlarm sendet Ihr B\u00fcrgeranliegen an die Stadt- bzw. Gemeindeverwaltung. Melden Sie Sch\u00e4den an \u00f6ffentlichen Einrichtungen.","robots":{"index":"index","follow":"follow","max-snippet":"max-snippet:-1","max-image-preview":"max-image-preview:large","max-video-preview":"max-video-preview:-1"},"canonical":"https:\/\/www.alexeberth.bplaced.net\/wordpress\/schadensalarm\/","og_locale":"de_DE","og_type":"article","og_title":"SchadensAlarm - Gemeinschaftspraxis Dr. med. Eberth","og_description":"MangelAlarm sendet Ihr B\u00fcrgeranliegen an die Stadt- bzw. Gemeindeverwaltung. Melden Sie Sch\u00e4den an \u00f6ffentlichen Einrichtungen.","og_url":"https:\/\/www.alexeberth.bplaced.net\/wordpress\/schadensalarm\/","og_site_name":"Gemeinschaftspraxis Dr. med. Eberth","article_modified_time":"2025-03-02T10:00:29+00:00","og_image":[{"url":"https:\/\/www.alexeberth.bplaced.net\/schadensalarm\/eingabe.png","type":"","width":"","height":""}],"twitter_card":"summary_large_image","twitter_misc":{"Gesch\u00e4tzte Lesezeit":"2\u00a0Minuten"},"schema":{"@context":"https:\/\/schema.org","@graph":[{"@type":"WebPage","@id":"https:\/\/www.alexeberth.bplaced.net\/wordpress\/schadensalarm\/","url":"https:\/\/www.alexeberth.bplaced.net\/wordpress\/schadensalarm\/","name":"SchadensAlarm - Gemeinschaftspraxis Dr. med. Eberth","isPartOf":{"@id":"https:\/\/www.alexeberth.bplaced.net\/wordpress\/#website"},"primaryImageOfPage":{"@id":"https:\/\/www.alexeberth.bplaced.net\/wordpress\/schadensalarm\/#primaryimage"},"image":{"@id":"https:\/\/www.alexeberth.bplaced.net\/wordpress\/schadensalarm\/#primaryimage"},"thumbnailUrl":"https:\/\/www.alexeberth.bplaced.net\/schadensalarm\/eingabe.png","datePublished":"2024-06-09T08:18:46+00:00","dateModified":"2025-03-02T10:00:29+00:00","description":"MangelAlarm sendet Ihr B\u00fcrgeranliegen an die Stadt- bzw. Gemeindeverwaltung. Melden Sie Sch\u00e4den an \u00f6ffentlichen Einrichtungen.","breadcrumb":{"@id":"https:\/\/www.alexeberth.bplaced.net\/wordpress\/schadensalarm\/#breadcrumb"},"inLanguage":"de","potentialAction":[{"@type":"ReadAction","target":["https:\/\/www.alexeberth.bplaced.net\/wordpress\/schadensalarm\/"]}]},{"@type":"ImageObject","inLanguage":"de","@id":"https:\/\/www.alexeberth.bplaced.net\/wordpress\/schadensalarm\/#primaryimage","url":"https:\/\/www.alexeberth.bplaced.net\/schadensalarm\/eingabe.png","contentUrl":"https:\/\/www.alexeberth.bplaced.net\/schadensalarm\/eingabe.png"},{"@type":"BreadcrumbList","@id":"https:\/\/www.alexeberth.bplaced.net\/wordpress\/schadensalarm\/#breadcrumb","itemListElement":[{"@type":"ListItem","position":1,"name":"Startseite","item":"https:\/\/www.alexeberth.bplaced.net\/wordpress\/"},{"@type":"ListItem","position":2,"name":"SchadensAlarm"}]},{"@type":"WebSite","@id":"https:\/\/www.alexeberth.bplaced.net\/wordpress\/#website","url":"https:\/\/www.alexeberth.bplaced.net\/wordpress\/","name":"Gemeinschaftspraxis Dr. med. Eberth","description":"Dr. med. Silke Eberth und Dr. med. Alexander Eberth","publisher":{"@id":"https:\/\/www.alexeberth.bplaced.net\/wordpress\/#organization"},"potentialAction":[{"@type":"SearchAction","target":{"@type":"EntryPoint","urlTemplate":"https:\/\/www.alexeberth.bplaced.net\/wordpress\/?s={search_term_string}"},"query-input":{"@type":"PropertyValueSpecification","valueRequired":true,"valueName":"search_term_string"}}],"inLanguage":"de"},{"@type":"Organization","@id":"https:\/\/www.alexeberth.bplaced.net\/wordpress\/#organization","name":"Gemeinschaftspraxis Dr. med. Eberth","url":"https:\/\/www.alexeberth.bplaced.net\/wordpress\/","logo":{"@type":"ImageObject","inLanguage":"de","@id":"https:\/\/www.alexeberth.bplaced.net\/wordpress\/#\/schema\/logo\/image\/","url":"https:\/\/www.alexeberth.bplaced.net\/wordpress\/wp-content\/uploads\/2023\/06\/Praxis-Logo-ganzklein.png","contentUrl":"https:\/\/www.alexeberth.bplaced.net\/wordpress\/wp-content\/uploads\/2023\/06\/Praxis-Logo-ganzklein.png","width":60,"height":33,"caption":"Gemeinschaftspraxis Dr. med. Eberth"},"image":{"@id":"https:\/\/www.alexeberth.bplaced.net\/wordpress\/#\/schema\/logo\/image\/"}}]}},"_links":{"self":[{"href":"https:\/\/www.alexeberth.bplaced.net\/wordpress\/wp-json\/wp\/v2\/pages\/3556","targetHints":{"allow":["GET"]}}],"collection":[{"href":"https:\/\/www.alexeberth.bplaced.net\/wordpress\/wp-json\/wp\/v2\/pages"}],"about":[{"href":"https:\/\/www.alexeberth.bplaced.net\/wordpress\/wp-json\/wp\/v2\/types\/page"}],"author":[{"embeddable":true,"href":"https:\/\/www.alexeberth.bplaced.net\/wordpress\/wp-json\/wp\/v2\/users\/1"}],"replies":[{"embeddable":true,"href":"https:\/\/www.alexeberth.bplaced.net\/wordpress\/wp-json\/wp\/v2\/comments?post=3556"}],"version-history":[{"count":7,"href":"https:\/\/www.alexeberth.bplaced.net\/wordpress\/wp-json\/wp\/v2\/pages\/3556\/revisions"}],"predecessor-version":[{"id":3924,"href":"https:\/\/www.alexeberth.bplaced.net\/wordpress\/wp-json\/wp\/v2\/pages\/3556\/revisions\/3924"}],"wp:attachment":[{"href":"https:\/\/www.alexeberth.bplaced.net\/wordpress\/wp-json\/wp\/v2\/media?parent=3556"}],"curies":[{"name":"wp","href":"https:\/\/api.w.org\/{rel}","templated":true}]}}