{"id":3353,"date":"2023-11-11T11:44:34","date_gmt":"2023-11-11T10:44:34","guid":{"rendered":"https:\/\/www.alexeberth.bplaced.net\/wordpress\/?page_id=3353"},"modified":"2025-10-28T12:35:25","modified_gmt":"2025-10-28T11:35:25","slug":"gestationsdiabetes","status":"publish","type":"page","link":"https:\/\/www.alexeberth.bplaced.net\/wordpress\/gestationsdiabetes\/","title":{"rendered":"Gestationsdiabetes"},"content":{"rendered":"<p><img decoding=\"async\" src=\"https:\/\/alexeberth.bplaced.net\/wordpress\/bilder\/ssklein2.png\" alt=\"Gestationsdiabetes\"  style=\"float:left; margin:20px;\"\/><br \/>\nHier finden Sie <strong>Informationsmaterial f\u00fcr Schwangere mit Gestationsdiabetes<\/strong> auf: &nbsp; <select id=\"sprachauswahl\"><option value=\"deutsch\">deutsch<\/option><option value=\"albanisch\">albanisch<\/option><option value=\"arabisch\">arabisch<\/option><option value=\"chinesisch\">chinesisch<\/option><option value=\"englisch\">englisch<\/option><option value=\"franz\u00f6sisch\">franz\u00f6sisch<\/option><option value=\"hindi\">hindi<\/option><option value=\"persisch\">persisch<\/option><option value=\"polnisch\">polnisch<\/option><option value=\"russisch\">russisch<\/option><option value=\"somali\">somali<\/option><option value=\"thail\u00e4ndisch\">thail\u00e4ndisch<\/option><option value=\"tschechisch\">tschechisch<\/option><option value=\"t\u00fcrkisch\">t\u00fcrkisch<\/option><option value=\"ukrainisch\">ukrainisch<\/option><option value=\"vietnamesisch\">vietnamesisch<\/option><\/select> &nbsp; <button onclick=\"zeige_pdf()\" style=\"background-color: #025e8c; ; color: white; padding:5px; border-radius: 5px; border: none; cursor: pointer\"> anzeigen <\/button><\/p>\n<p><script>        function zeige_pdf() {                      var selectedLanguage = document.getElementById(\"sprachauswahl\").value;            if (selectedLanguage === \"Sprache ausw\u00e4hlen\") {                return;            }            window.open('https:\/\/www.alexeberth.bplaced.net\/dokumente\/gdm-' + selectedLanguage + '.pdf', '_blank');        }<\/script><\/p>\n<p>Zur besseren Kommunikation zwischen Gyn\u00e4kologen und Diabetologen und Koordination der Therapie k\u00f6nnen Sie den <a href=\"https:\/\/www.alexeberth.bplaced.net\/wordpress\/Screening%20Gestationsdiabetes.pdf\" rel=\"noopener\" target=\"_blank\" style=\"background-color: #025e8c; ; color: white; padding:3px; border-radius: 5px; \">&nbsp;Einlegebogen Mutterpass A5 <\/a>&nbsp; verwenden.<\/p>\n<p>In der Schwangerschaft m\u00f6gliche Medikamente finden Sie unter <a href=\"https:\/\/www.embryotox.de\">www.embryotox.de<\/a><\/p>\n<p>Rechner der <a href=\"https:\/\/fetalmedicine.org\/\" rel=\"noopener\" target=\"_blank\">Fetal Medicine Foundation<\/a> zur<br \/>\n<strong>Vorhersage <\/strong>(Pr\u00e4eklampsie, Trisomien, F\u00f6tale Wachstumsbeschr\u00e4nkung, F\u00f6tale Makrosomie, Schwangerschaftsdiabetes, Fehlgeburt, Totgeburt)<br \/>\n<strong>Prognose <\/strong>(SGA, Fr\u00fchgeburt) und<br \/>\n<strong>Beurteilung <\/strong>(Nackentransparenz, F\u00f6tales Wachstum, Geburtsgewicht, F\u00f6taler Doppler).<\/p>\n","protected":false},"excerpt":{"rendered":"<p>Hier finden Sie Informationsmaterial f\u00fcr Schwangere mit Gestationsdiabetes auf: &nbsp; deutschalbanischarabischchinesischenglischfranz\u00f6sischhindipersischpolnischrussischsomalithail\u00e4ndischtschechischt\u00fcrkischukrainischvietnamesisch &nbsp; anzeigen Zur besseren Kommunikation zwischen Gyn\u00e4kologen und Diabetologen und Koordination der Therapie k\u00f6nnen Sie den &nbsp;Einlegebogen Mutterpass A5 &nbsp; verwenden. In der Schwangerschaft m\u00f6gliche Medikamente finden Sie unter www.embryotox.de Rechner der Fetal Medicine Foundation zur Vorhersage (Pr\u00e4eklampsie, Trisomien, F\u00f6tale Wachstumsbeschr\u00e4nkung, F\u00f6tale Makrosomie, Schwangerschaftsdiabetes, Fehlgeburt, Totgeburt) Prognose (SGA, Fr\u00fchgeburt) [&hellip;]<\/p>\n","protected":false},"author":1,"featured_media":0,"parent":0,"menu_order":0,"comment_status":"closed","ping_status":"closed","template":"","meta":{"footnotes":""},"class_list":["post-3353","page","type-page","status-publish","hentry"],"yoast_head":"<!-- This site is optimized with the Yoast SEO plugin v27.4 - https:\/\/yoast.com\/product\/yoast-seo-wordpress\/ -->\n<title>Gestationsdiabetes - Gemeinschaftspraxis Dr. med. Eberth<\/title>\n<meta name=\"description\" content=\"Informationsmaterial f\u00fcr Schwangere mit Gestationsdiabetes, Einlegebogen Mutterpass und Medikamente in der Schwangerschaft\" \/>\n<meta name=\"robots\" content=\"index, follow, max-snippet:-1, max-image-preview:large, max-video-preview:-1\" \/>\n<link rel=\"canonical\" href=\"https:\/\/www.alexeberth.bplaced.net\/wordpress\/gestationsdiabetes\/\" \/>\n<meta property=\"og:locale\" content=\"de_DE\" \/>\n<meta property=\"og:type\" content=\"article\" \/>\n<meta property=\"og:title\" content=\"Gestationsdiabetes - Gemeinschaftspraxis Dr. med. Eberth\" \/>\n<meta property=\"og:description\" content=\"Informationsmaterial f\u00fcr Schwangere mit Gestationsdiabetes, Einlegebogen Mutterpass und Medikamente in der Schwangerschaft\" \/>\n<meta property=\"og:url\" content=\"https:\/\/www.alexeberth.bplaced.net\/wordpress\/gestationsdiabetes\/\" \/>\n<meta property=\"og:site_name\" content=\"Gemeinschaftspraxis Dr. med. Eberth\" \/>\n<meta property=\"article:modified_time\" content=\"2025-10-28T11:35:25+00:00\" \/>\n<meta property=\"og:image\" content=\"https:\/\/alexeberth.bplaced.net\/wordpress\/bilder\/ssklein2.png\" \/>\n<meta name=\"twitter:card\" content=\"summary_large_image\" \/>\n<meta name=\"twitter:label1\" content=\"Gesch\u00e4tzte Lesezeit\" \/>\n\t<meta name=\"twitter:data1\" content=\"1\u00a0Minute\" \/>\n<script type=\"application\/ld+json\" class=\"yoast-schema-graph\">{\"@context\":\"https:\\\/\\\/schema.org\",\"@graph\":[{\"@type\":\"WebPage\",\"@id\":\"https:\\\/\\\/www.alexeberth.bplaced.net\\\/wordpress\\\/gestationsdiabetes\\\/\",\"url\":\"https:\\\/\\\/www.alexeberth.bplaced.net\\\/wordpress\\\/gestationsdiabetes\\\/\",\"name\":\"Gestationsdiabetes - Gemeinschaftspraxis Dr. med. Eberth\",\"isPartOf\":{\"@id\":\"https:\\\/\\\/www.alexeberth.bplaced.net\\\/wordpress\\\/#website\"},\"primaryImageOfPage\":{\"@id\":\"https:\\\/\\\/www.alexeberth.bplaced.net\\\/wordpress\\\/gestationsdiabetes\\\/#primaryimage\"},\"image\":{\"@id\":\"https:\\\/\\\/www.alexeberth.bplaced.net\\\/wordpress\\\/gestationsdiabetes\\\/#primaryimage\"},\"thumbnailUrl\":\"https:\\\/\\\/alexeberth.bplaced.net\\\/wordpress\\\/bilder\\\/ssklein2.png\",\"datePublished\":\"2023-11-11T10:44:34+00:00\",\"dateModified\":\"2025-10-28T11:35:25+00:00\",\"description\":\"Informationsmaterial f\u00fcr Schwangere mit Gestationsdiabetes, Einlegebogen Mutterpass und Medikamente in der Schwangerschaft\",\"breadcrumb\":{\"@id\":\"https:\\\/\\\/www.alexeberth.bplaced.net\\\/wordpress\\\/gestationsdiabetes\\\/#breadcrumb\"},\"inLanguage\":\"de\",\"potentialAction\":[{\"@type\":\"ReadAction\",\"target\":[\"https:\\\/\\\/www.alexeberth.bplaced.net\\\/wordpress\\\/gestationsdiabetes\\\/\"]}]},{\"@type\":\"ImageObject\",\"inLanguage\":\"de\",\"@id\":\"https:\\\/\\\/www.alexeberth.bplaced.net\\\/wordpress\\\/gestationsdiabetes\\\/#primaryimage\",\"url\":\"https:\\\/\\\/alexeberth.bplaced.net\\\/wordpress\\\/bilder\\\/ssklein2.png\",\"contentUrl\":\"https:\\\/\\\/alexeberth.bplaced.net\\\/wordpress\\\/bilder\\\/ssklein2.png\"},{\"@type\":\"BreadcrumbList\",\"@id\":\"https:\\\/\\\/www.alexeberth.bplaced.net\\\/wordpress\\\/gestationsdiabetes\\\/#breadcrumb\",\"itemListElement\":[{\"@type\":\"ListItem\",\"position\":1,\"name\":\"Startseite\",\"item\":\"https:\\\/\\\/www.alexeberth.bplaced.net\\\/wordpress\\\/\"},{\"@type\":\"ListItem\",\"position\":2,\"name\":\"Gestationsdiabetes\"}]},{\"@type\":\"WebSite\",\"@id\":\"https:\\\/\\\/www.alexeberth.bplaced.net\\\/wordpress\\\/#website\",\"url\":\"https:\\\/\\\/www.alexeberth.bplaced.net\\\/wordpress\\\/\",\"name\":\"Gemeinschaftspraxis Dr. med. Eberth\",\"description\":\"Dr. med. Silke Eberth und Dr. med. Alexander Eberth\",\"publisher\":{\"@id\":\"https:\\\/\\\/www.alexeberth.bplaced.net\\\/wordpress\\\/#organization\"},\"potentialAction\":[{\"@type\":\"SearchAction\",\"target\":{\"@type\":\"EntryPoint\",\"urlTemplate\":\"https:\\\/\\\/www.alexeberth.bplaced.net\\\/wordpress\\\/?s={search_term_string}\"},\"query-input\":{\"@type\":\"PropertyValueSpecification\",\"valueRequired\":true,\"valueName\":\"search_term_string\"}}],\"inLanguage\":\"de\"},{\"@type\":\"Organization\",\"@id\":\"https:\\\/\\\/www.alexeberth.bplaced.net\\\/wordpress\\\/#organization\",\"name\":\"Gemeinschaftspraxis Dr. med. Eberth\",\"url\":\"https:\\\/\\\/www.alexeberth.bplaced.net\\\/wordpress\\\/\",\"logo\":{\"@type\":\"ImageObject\",\"inLanguage\":\"de\",\"@id\":\"https:\\\/\\\/www.alexeberth.bplaced.net\\\/wordpress\\\/#\\\/schema\\\/logo\\\/image\\\/\",\"url\":\"https:\\\/\\\/www.alexeberth.bplaced.net\\\/wordpress\\\/wp-content\\\/uploads\\\/2023\\\/06\\\/Praxis-Logo-ganzklein.png\",\"contentUrl\":\"https:\\\/\\\/www.alexeberth.bplaced.net\\\/wordpress\\\/wp-content\\\/uploads\\\/2023\\\/06\\\/Praxis-Logo-ganzklein.png\",\"width\":60,\"height\":33,\"caption\":\"Gemeinschaftspraxis Dr. med. Eberth\"},\"image\":{\"@id\":\"https:\\\/\\\/www.alexeberth.bplaced.net\\\/wordpress\\\/#\\\/schema\\\/logo\\\/image\\\/\"}}]}<\/script>\n<!-- \/ Yoast SEO plugin. -->","yoast_head_json":{"title":"Gestationsdiabetes - Gemeinschaftspraxis Dr. med. Eberth","description":"Informationsmaterial f\u00fcr Schwangere mit Gestationsdiabetes, Einlegebogen Mutterpass und Medikamente in der Schwangerschaft","robots":{"index":"index","follow":"follow","max-snippet":"max-snippet:-1","max-image-preview":"max-image-preview:large","max-video-preview":"max-video-preview:-1"},"canonical":"https:\/\/www.alexeberth.bplaced.net\/wordpress\/gestationsdiabetes\/","og_locale":"de_DE","og_type":"article","og_title":"Gestationsdiabetes - Gemeinschaftspraxis Dr. med. Eberth","og_description":"Informationsmaterial f\u00fcr Schwangere mit Gestationsdiabetes, Einlegebogen Mutterpass und Medikamente in der Schwangerschaft","og_url":"https:\/\/www.alexeberth.bplaced.net\/wordpress\/gestationsdiabetes\/","og_site_name":"Gemeinschaftspraxis Dr. med. Eberth","article_modified_time":"2025-10-28T11:35:25+00:00","og_image":[{"url":"https:\/\/alexeberth.bplaced.net\/wordpress\/bilder\/ssklein2.png","type":"","width":"","height":""}],"twitter_card":"summary_large_image","twitter_misc":{"Gesch\u00e4tzte Lesezeit":"1\u00a0Minute"},"schema":{"@context":"https:\/\/schema.org","@graph":[{"@type":"WebPage","@id":"https:\/\/www.alexeberth.bplaced.net\/wordpress\/gestationsdiabetes\/","url":"https:\/\/www.alexeberth.bplaced.net\/wordpress\/gestationsdiabetes\/","name":"Gestationsdiabetes - Gemeinschaftspraxis Dr. med. Eberth","isPartOf":{"@id":"https:\/\/www.alexeberth.bplaced.net\/wordpress\/#website"},"primaryImageOfPage":{"@id":"https:\/\/www.alexeberth.bplaced.net\/wordpress\/gestationsdiabetes\/#primaryimage"},"image":{"@id":"https:\/\/www.alexeberth.bplaced.net\/wordpress\/gestationsdiabetes\/#primaryimage"},"thumbnailUrl":"https:\/\/alexeberth.bplaced.net\/wordpress\/bilder\/ssklein2.png","datePublished":"2023-11-11T10:44:34+00:00","dateModified":"2025-10-28T11:35:25+00:00","description":"Informationsmaterial f\u00fcr Schwangere mit Gestationsdiabetes, Einlegebogen Mutterpass und Medikamente in der Schwangerschaft","breadcrumb":{"@id":"https:\/\/www.alexeberth.bplaced.net\/wordpress\/gestationsdiabetes\/#breadcrumb"},"inLanguage":"de","potentialAction":[{"@type":"ReadAction","target":["https:\/\/www.alexeberth.bplaced.net\/wordpress\/gestationsdiabetes\/"]}]},{"@type":"ImageObject","inLanguage":"de","@id":"https:\/\/www.alexeberth.bplaced.net\/wordpress\/gestationsdiabetes\/#primaryimage","url":"https:\/\/alexeberth.bplaced.net\/wordpress\/bilder\/ssklein2.png","contentUrl":"https:\/\/alexeberth.bplaced.net\/wordpress\/bilder\/ssklein2.png"},{"@type":"BreadcrumbList","@id":"https:\/\/www.alexeberth.bplaced.net\/wordpress\/gestationsdiabetes\/#breadcrumb","itemListElement":[{"@type":"ListItem","position":1,"name":"Startseite","item":"https:\/\/www.alexeberth.bplaced.net\/wordpress\/"},{"@type":"ListItem","position":2,"name":"Gestationsdiabetes"}]},{"@type":"WebSite","@id":"https:\/\/www.alexeberth.bplaced.net\/wordpress\/#website","url":"https:\/\/www.alexeberth.bplaced.net\/wordpress\/","name":"Gemeinschaftspraxis Dr. med. Eberth","description":"Dr. med. Silke Eberth und Dr. med. Alexander Eberth","publisher":{"@id":"https:\/\/www.alexeberth.bplaced.net\/wordpress\/#organization"},"potentialAction":[{"@type":"SearchAction","target":{"@type":"EntryPoint","urlTemplate":"https:\/\/www.alexeberth.bplaced.net\/wordpress\/?s={search_term_string}"},"query-input":{"@type":"PropertyValueSpecification","valueRequired":true,"valueName":"search_term_string"}}],"inLanguage":"de"},{"@type":"Organization","@id":"https:\/\/www.alexeberth.bplaced.net\/wordpress\/#organization","name":"Gemeinschaftspraxis Dr. med. Eberth","url":"https:\/\/www.alexeberth.bplaced.net\/wordpress\/","logo":{"@type":"ImageObject","inLanguage":"de","@id":"https:\/\/www.alexeberth.bplaced.net\/wordpress\/#\/schema\/logo\/image\/","url":"https:\/\/www.alexeberth.bplaced.net\/wordpress\/wp-content\/uploads\/2023\/06\/Praxis-Logo-ganzklein.png","contentUrl":"https:\/\/www.alexeberth.bplaced.net\/wordpress\/wp-content\/uploads\/2023\/06\/Praxis-Logo-ganzklein.png","width":60,"height":33,"caption":"Gemeinschaftspraxis Dr. med. Eberth"},"image":{"@id":"https:\/\/www.alexeberth.bplaced.net\/wordpress\/#\/schema\/logo\/image\/"}}]}},"_links":{"self":[{"href":"https:\/\/www.alexeberth.bplaced.net\/wordpress\/wp-json\/wp\/v2\/pages\/3353","targetHints":{"allow":["GET"]}}],"collection":[{"href":"https:\/\/www.alexeberth.bplaced.net\/wordpress\/wp-json\/wp\/v2\/pages"}],"about":[{"href":"https:\/\/www.alexeberth.bplaced.net\/wordpress\/wp-json\/wp\/v2\/types\/page"}],"author":[{"embeddable":true,"href":"https:\/\/www.alexeberth.bplaced.net\/wordpress\/wp-json\/wp\/v2\/users\/1"}],"replies":[{"embeddable":true,"href":"https:\/\/www.alexeberth.bplaced.net\/wordpress\/wp-json\/wp\/v2\/comments?post=3353"}],"version-history":[{"count":6,"href":"https:\/\/www.alexeberth.bplaced.net\/wordpress\/wp-json\/wp\/v2\/pages\/3353\/revisions"}],"predecessor-version":[{"id":4117,"href":"https:\/\/www.alexeberth.bplaced.net\/wordpress\/wp-json\/wp\/v2\/pages\/3353\/revisions\/4117"}],"wp:attachment":[{"href":"https:\/\/www.alexeberth.bplaced.net\/wordpress\/wp-json\/wp\/v2\/media?parent=3353"}],"curies":[{"name":"wp","href":"https:\/\/api.w.org\/{rel}","templated":true}]}}