{"id":3271,"date":"2023-09-12T09:50:40","date_gmt":"2023-09-12T07:50:40","guid":{"rendered":"https:\/\/www.alexeberth.bplaced.net\/wordpress\/?page_id=3271"},"modified":"2026-03-29T19:41:41","modified_gmt":"2026-03-29T17:41:41","slug":"zusatzprogramme-und-anleitungen","status":"publish","type":"page","link":"https:\/\/www.alexeberth.bplaced.net\/wordpress\/zusatzprogramme-und-anleitungen\/","title":{"rendered":"Zusatzprogramme und Anleitungen"},"content":{"rendered":"<h3>Bundeseinheitlicher Insulinplan<\/h3>\n<p>Ein bundeseinheitlicher Insulinplan (BIP) sollte klar strukturiert, alltagstauglich und medizinisch eindeutig sein, damit Patienten sicher damit umgehen k\u00f6nnen und Behandler ihn effizient erstellen, aktualisieren und dokumentieren k\u00f6nnen. Entdecken Sie <a href=\"https:\/\/www.alexeberth.bplaced.net\/wordpress\/projekt-bundeseinheitlicher-insulinplan\/\"  style=\"padding: 5px; border-radius: 5px; color: white; background-color:#025e8d; \">die Spezifikation und ein online-Programm zur Erstellung des bundeseinheitlichen Insulinplans<\/a>.<\/p>\n<p>&nbsp;<\/p>\n<h3>Anleitung zum Verschl\u00fcsseln, Entschl\u00fcsseln und signieren von eMails<\/h3>\n<p>eMails mit sensiblen Inhalt m\u00fcssen stets verschl\u00fcsselt verschickt werden. Nicht ohne Grund schreibt schon seit L\u00e4ngerem das Bundesdatenschutzgesetz (BDSG) die Verschl\u00fcsselung von E-Mails mit personenbezogenen Daten gesetzlich vor. Seit dem 25. Mai 2018 hat die Datenschutz-Grundverordnung (DSGVO) den E-Mailverkehr f\u00fcr Firmen nochmals versch\u00e4rft: Seitdem m\u00fcssen alle E-Mails verschl\u00fcsselt werden!<br \/>\nUnter dem folgenden Link finden Sie eine detaillierte Anleitung f\u00fcr die Einrichtung von gpg4win mit dem Assistenten Kleopatra.  &nbsp; &nbsp; <a href=\"https:\/\/ilias.uni-giessen.de\/ilias\/goto.php?target=file_183909_download&#038;client_id=JLUG\" style=\"padding: 5px; border-radius: 5px; color: white; background-color:#025e8d; \">Anleitung download<\/a><\/p>\n<p>&nbsp;<\/p>\n<h3>Schadens<span style=\"font-size:40px\">A<\/span>larm<\/h3>\n<p><a href=\"https:\/\/www.alexeberth.bplaced.net\/schadensalarm\/\" rel=\"noopener\" target=\"_blank\" style=\"padding: 5px; border-radius: 5px; color: white; background-color:#025e8d; \">SchadensAlarm<\/a> ist die Plattform f\u00fcr Ihr B\u00fcrgeranliegen an die Stadt- bzw. Gemeindeverwaltung. Hier\u00fcber k\u00f6nnen verschiedene Sch\u00e4den oder Verunreinigungen an \u00f6ffentlichen Einrichtungen weltweit gemeldet werden. <\/p>\n<p>Sie finden hier eine <a href=\"https:\/\/www.alexeberth.bplaced.net\/wordpress\/schadensalarm\/\" style=\"padding: 5px; border-radius: 5px; color: white; background-color:#025e8d; \">ausf\u00fchrliche Beschreibung f\u00fcr B\u00fcrgerinnen und B\u00fcrger<\/a>.<\/p>\n<p>Der <a href=\"https:\/\/www.alexeberth.bplaced.net\/wordpress\/schadensalarm-bearbeitung-durch-stadt-gemeindeverwaltung\/\" style=\"padding: 5px; border-radius: 5px; color: white; background-color:#025e8d; \">Arbeitsbereich f\u00fcr Stadt- und Gemeindeverwaltungen<\/a> wird hier erl\u00e4utert.<\/p>\n<p>&nbsp;<\/p>\n<h3>Webseiten \/ Web-Apps als App auf dem Smartphone einrichten<\/h3>\n<details>\n<summary> f\u00fcr iOS<\/summary>\n<p>\u00d6ffnen Sie diese Website im Safari-Browser.<br \/>\nTippen Sie unten rechts auf die drei Punkte (Men\u00fc).<br \/>\nW\u00e4hlen Sie  >>Teilen<<, dann >>Zum Home-Bildschirm<<.\nGeben Sie der App einen Namen und best\u00e4tigen Sie mit >>Hinzuf\u00fcgen<<.\nDie Webseite erscheint nun als App-Symbol auf Ihrem Startbildschirm und \u00f6ffnet sich wie eine App.<\/p>\n<\/details>\n<details>\n<summary> f\u00fcr Android<\/summary>\n<p>\u00d6ffnen Sie diese Website in Google Chrome.<br \/>\nTippen Sie oben rechts auf die drei Punkte (Men\u00fc).<br \/>\nW\u00e4hlen Sie  >>Zum Startbildschirm hinzuf\u00fcgen<<.\nGeben Sie der App einen Namen und best\u00e4tigen Sie mit >>Hinzuf\u00fcgen<<.\nDie Webseite erscheint nun als App-Symbol auf Ihrem Startbildschirm und \u00f6ffnet sich wie eine App.<\/p>\n<\/details>\n<p>Das kann hilfreich sein, wenn Sie die folgenden Web-Apps nutzen m\u00f6chten:<\/p>\n<p>&nbsp;<\/p>\n<h3>Skatliste<\/h3>\n<p>F\u00fcr eine Skatrunde von 3, 4 oder 5 Personen k\u00f6nnen Sie <a href=\"https:\/\/www.alexeberth.bplaced.net\/priv\/skat.html\" style=\"padding: 5px; border-radius: 5px; color: white; background-color:#025e8d; \">hier<\/a> die Gewinne und Verluste der Spieler berechnen. Gez\u00e4hlt werden immer die Miesen. Das Minus-Zeichen steht schon vor den Eingabefeldern.<\/p>\n<p>&nbsp;<\/p>\n<h3>Spiele-Listen<\/h3>\n<p><a href=\"https:\/\/www.alexeberth.bplaced.net\/priv\/w%C3%BCrfeln.html\" target=\"_blank\"  style=\"padding: 5px; border-radius: 5px; color: white; background-color:#025e8d; \">W\u00fcrfel-Liste<\/a> f\u00fcr bis zu 10 Mitspieler.<\/p>\n<p><a href=\"https:\/\/www.alexeberth.bplaced.net\/priv\/wizard-score.html\" target=\"_blank\"  style=\"padding: 5px; border-radius: 5px; color: white; background-color:#025e8d; \">Wizard-Liste<\/a> f\u00fcr 3 bis 6 Mitspieler.<\/p>\n","protected":false},"excerpt":{"rendered":"<p>Bundeseinheitlicher Insulinplan Ein bundeseinheitlicher Insulinplan (BIP) sollte klar strukturiert, alltagstauglich und medizinisch eindeutig sein, damit Patienten sicher damit umgehen k\u00f6nnen und Behandler ihn effizient erstellen, aktualisieren und dokumentieren k\u00f6nnen. Entdecken Sie die Spezifikation und ein online-Programm zur Erstellung des bundeseinheitlichen Insulinplans. &nbsp; Anleitung zum Verschl\u00fcsseln, Entschl\u00fcsseln und signieren von eMails eMails mit sensiblen Inhalt m\u00fcssen stets verschl\u00fcsselt verschickt werden. Nicht [&hellip;]<\/p>\n","protected":false},"author":1,"featured_media":0,"parent":0,"menu_order":0,"comment_status":"closed","ping_status":"closed","template":"","meta":{"footnotes":""},"class_list":["post-3271","page","type-page","status-publish","hentry"],"yoast_head":"<!-- This site is optimized with the Yoast SEO plugin v27.4 - https:\/\/yoast.com\/product\/yoast-seo-wordpress\/ -->\n<title>Zusatzprogramme und Anleitungen - Gemeinschaftspraxis Dr. med. Eberth<\/title>\n<meta name=\"description\" content=\"Zusatzprogramme wie SchadensAlarm, Skatliste und Anleitung zum Verschl\u00fcsseln, Entschl\u00fcsseln und signieren von eMails finden Sie hier.\" \/>\n<meta name=\"robots\" content=\"index, follow, max-snippet:-1, max-image-preview:large, max-video-preview:-1\" \/>\n<link rel=\"canonical\" href=\"https:\/\/www.alexeberth.bplaced.net\/wordpress\/zusatzprogramme-und-anleitungen\/\" \/>\n<meta property=\"og:locale\" content=\"de_DE\" \/>\n<meta property=\"og:type\" content=\"article\" \/>\n<meta property=\"og:title\" content=\"Zusatzprogramme und Anleitungen - Gemeinschaftspraxis Dr. med. Eberth\" \/>\n<meta property=\"og:description\" content=\"Zusatzprogramme wie SchadensAlarm, Skatliste und Anleitung zum Verschl\u00fcsseln, Entschl\u00fcsseln und signieren von eMails finden Sie hier.\" \/>\n<meta property=\"og:url\" content=\"https:\/\/www.alexeberth.bplaced.net\/wordpress\/zusatzprogramme-und-anleitungen\/\" \/>\n<meta property=\"og:site_name\" content=\"Gemeinschaftspraxis Dr. med. Eberth\" \/>\n<meta property=\"article:modified_time\" content=\"2026-03-29T17:41:41+00:00\" \/>\n<meta name=\"twitter:card\" content=\"summary_large_image\" \/>\n<meta name=\"twitter:label1\" content=\"Gesch\u00e4tzte Lesezeit\" \/>\n\t<meta name=\"twitter:data1\" content=\"2\u00a0Minuten\" \/>\n<script type=\"application\/ld+json\" class=\"yoast-schema-graph\">{\"@context\":\"https:\\\/\\\/schema.org\",\"@graph\":[{\"@type\":\"WebPage\",\"@id\":\"https:\\\/\\\/www.alexeberth.bplaced.net\\\/wordpress\\\/zusatzprogramme-und-anleitungen\\\/\",\"url\":\"https:\\\/\\\/www.alexeberth.bplaced.net\\\/wordpress\\\/zusatzprogramme-und-anleitungen\\\/\",\"name\":\"Zusatzprogramme und Anleitungen - Gemeinschaftspraxis Dr. med. Eberth\",\"isPartOf\":{\"@id\":\"https:\\\/\\\/www.alexeberth.bplaced.net\\\/wordpress\\\/#website\"},\"datePublished\":\"2023-09-12T07:50:40+00:00\",\"dateModified\":\"2026-03-29T17:41:41+00:00\",\"description\":\"Zusatzprogramme wie SchadensAlarm, Skatliste und Anleitung zum Verschl\u00fcsseln, Entschl\u00fcsseln und signieren von eMails finden Sie hier.\",\"breadcrumb\":{\"@id\":\"https:\\\/\\\/www.alexeberth.bplaced.net\\\/wordpress\\\/zusatzprogramme-und-anleitungen\\\/#breadcrumb\"},\"inLanguage\":\"de\",\"potentialAction\":[{\"@type\":\"ReadAction\",\"target\":[\"https:\\\/\\\/www.alexeberth.bplaced.net\\\/wordpress\\\/zusatzprogramme-und-anleitungen\\\/\"]}]},{\"@type\":\"BreadcrumbList\",\"@id\":\"https:\\\/\\\/www.alexeberth.bplaced.net\\\/wordpress\\\/zusatzprogramme-und-anleitungen\\\/#breadcrumb\",\"itemListElement\":[{\"@type\":\"ListItem\",\"position\":1,\"name\":\"Startseite\",\"item\":\"https:\\\/\\\/www.alexeberth.bplaced.net\\\/wordpress\\\/\"},{\"@type\":\"ListItem\",\"position\":2,\"name\":\"Zusatzprogramme und Anleitungen\"}]},{\"@type\":\"WebSite\",\"@id\":\"https:\\\/\\\/www.alexeberth.bplaced.net\\\/wordpress\\\/#website\",\"url\":\"https:\\\/\\\/www.alexeberth.bplaced.net\\\/wordpress\\\/\",\"name\":\"Gemeinschaftspraxis Dr. med. Eberth\",\"description\":\"Dr. med. Silke Eberth und Dr. med. Alexander Eberth\",\"publisher\":{\"@id\":\"https:\\\/\\\/www.alexeberth.bplaced.net\\\/wordpress\\\/#organization\"},\"potentialAction\":[{\"@type\":\"SearchAction\",\"target\":{\"@type\":\"EntryPoint\",\"urlTemplate\":\"https:\\\/\\\/www.alexeberth.bplaced.net\\\/wordpress\\\/?s={search_term_string}\"},\"query-input\":{\"@type\":\"PropertyValueSpecification\",\"valueRequired\":true,\"valueName\":\"search_term_string\"}}],\"inLanguage\":\"de\"},{\"@type\":\"Organization\",\"@id\":\"https:\\\/\\\/www.alexeberth.bplaced.net\\\/wordpress\\\/#organization\",\"name\":\"Gemeinschaftspraxis Dr. med. Eberth\",\"url\":\"https:\\\/\\\/www.alexeberth.bplaced.net\\\/wordpress\\\/\",\"logo\":{\"@type\":\"ImageObject\",\"inLanguage\":\"de\",\"@id\":\"https:\\\/\\\/www.alexeberth.bplaced.net\\\/wordpress\\\/#\\\/schema\\\/logo\\\/image\\\/\",\"url\":\"https:\\\/\\\/www.alexeberth.bplaced.net\\\/wordpress\\\/wp-content\\\/uploads\\\/2023\\\/06\\\/Praxis-Logo-ganzklein.png\",\"contentUrl\":\"https:\\\/\\\/www.alexeberth.bplaced.net\\\/wordpress\\\/wp-content\\\/uploads\\\/2023\\\/06\\\/Praxis-Logo-ganzklein.png\",\"width\":60,\"height\":33,\"caption\":\"Gemeinschaftspraxis Dr. med. Eberth\"},\"image\":{\"@id\":\"https:\\\/\\\/www.alexeberth.bplaced.net\\\/wordpress\\\/#\\\/schema\\\/logo\\\/image\\\/\"}}]}<\/script>\n<!-- \/ Yoast SEO plugin. -->","yoast_head_json":{"title":"Zusatzprogramme und Anleitungen - Gemeinschaftspraxis Dr. med. Eberth","description":"Zusatzprogramme wie SchadensAlarm, Skatliste und Anleitung zum Verschl\u00fcsseln, Entschl\u00fcsseln und signieren von eMails finden Sie hier.","robots":{"index":"index","follow":"follow","max-snippet":"max-snippet:-1","max-image-preview":"max-image-preview:large","max-video-preview":"max-video-preview:-1"},"canonical":"https:\/\/www.alexeberth.bplaced.net\/wordpress\/zusatzprogramme-und-anleitungen\/","og_locale":"de_DE","og_type":"article","og_title":"Zusatzprogramme und Anleitungen - Gemeinschaftspraxis Dr. med. Eberth","og_description":"Zusatzprogramme wie SchadensAlarm, Skatliste und Anleitung zum Verschl\u00fcsseln, Entschl\u00fcsseln und signieren von eMails finden Sie hier.","og_url":"https:\/\/www.alexeberth.bplaced.net\/wordpress\/zusatzprogramme-und-anleitungen\/","og_site_name":"Gemeinschaftspraxis Dr. med. Eberth","article_modified_time":"2026-03-29T17:41:41+00:00","twitter_card":"summary_large_image","twitter_misc":{"Gesch\u00e4tzte Lesezeit":"2\u00a0Minuten"},"schema":{"@context":"https:\/\/schema.org","@graph":[{"@type":"WebPage","@id":"https:\/\/www.alexeberth.bplaced.net\/wordpress\/zusatzprogramme-und-anleitungen\/","url":"https:\/\/www.alexeberth.bplaced.net\/wordpress\/zusatzprogramme-und-anleitungen\/","name":"Zusatzprogramme und Anleitungen - Gemeinschaftspraxis Dr. med. Eberth","isPartOf":{"@id":"https:\/\/www.alexeberth.bplaced.net\/wordpress\/#website"},"datePublished":"2023-09-12T07:50:40+00:00","dateModified":"2026-03-29T17:41:41+00:00","description":"Zusatzprogramme wie SchadensAlarm, Skatliste und Anleitung zum Verschl\u00fcsseln, Entschl\u00fcsseln und signieren von eMails finden Sie hier.","breadcrumb":{"@id":"https:\/\/www.alexeberth.bplaced.net\/wordpress\/zusatzprogramme-und-anleitungen\/#breadcrumb"},"inLanguage":"de","potentialAction":[{"@type":"ReadAction","target":["https:\/\/www.alexeberth.bplaced.net\/wordpress\/zusatzprogramme-und-anleitungen\/"]}]},{"@type":"BreadcrumbList","@id":"https:\/\/www.alexeberth.bplaced.net\/wordpress\/zusatzprogramme-und-anleitungen\/#breadcrumb","itemListElement":[{"@type":"ListItem","position":1,"name":"Startseite","item":"https:\/\/www.alexeberth.bplaced.net\/wordpress\/"},{"@type":"ListItem","position":2,"name":"Zusatzprogramme und Anleitungen"}]},{"@type":"WebSite","@id":"https:\/\/www.alexeberth.bplaced.net\/wordpress\/#website","url":"https:\/\/www.alexeberth.bplaced.net\/wordpress\/","name":"Gemeinschaftspraxis Dr. med. Eberth","description":"Dr. med. Silke Eberth und Dr. med. Alexander Eberth","publisher":{"@id":"https:\/\/www.alexeberth.bplaced.net\/wordpress\/#organization"},"potentialAction":[{"@type":"SearchAction","target":{"@type":"EntryPoint","urlTemplate":"https:\/\/www.alexeberth.bplaced.net\/wordpress\/?s={search_term_string}"},"query-input":{"@type":"PropertyValueSpecification","valueRequired":true,"valueName":"search_term_string"}}],"inLanguage":"de"},{"@type":"Organization","@id":"https:\/\/www.alexeberth.bplaced.net\/wordpress\/#organization","name":"Gemeinschaftspraxis Dr. med. Eberth","url":"https:\/\/www.alexeberth.bplaced.net\/wordpress\/","logo":{"@type":"ImageObject","inLanguage":"de","@id":"https:\/\/www.alexeberth.bplaced.net\/wordpress\/#\/schema\/logo\/image\/","url":"https:\/\/www.alexeberth.bplaced.net\/wordpress\/wp-content\/uploads\/2023\/06\/Praxis-Logo-ganzklein.png","contentUrl":"https:\/\/www.alexeberth.bplaced.net\/wordpress\/wp-content\/uploads\/2023\/06\/Praxis-Logo-ganzklein.png","width":60,"height":33,"caption":"Gemeinschaftspraxis Dr. med. Eberth"},"image":{"@id":"https:\/\/www.alexeberth.bplaced.net\/wordpress\/#\/schema\/logo\/image\/"}}]}},"_links":{"self":[{"href":"https:\/\/www.alexeberth.bplaced.net\/wordpress\/wp-json\/wp\/v2\/pages\/3271","targetHints":{"allow":["GET"]}}],"collection":[{"href":"https:\/\/www.alexeberth.bplaced.net\/wordpress\/wp-json\/wp\/v2\/pages"}],"about":[{"href":"https:\/\/www.alexeberth.bplaced.net\/wordpress\/wp-json\/wp\/v2\/types\/page"}],"author":[{"embeddable":true,"href":"https:\/\/www.alexeberth.bplaced.net\/wordpress\/wp-json\/wp\/v2\/users\/1"}],"replies":[{"embeddable":true,"href":"https:\/\/www.alexeberth.bplaced.net\/wordpress\/wp-json\/wp\/v2\/comments?post=3271"}],"version-history":[{"count":11,"href":"https:\/\/www.alexeberth.bplaced.net\/wordpress\/wp-json\/wp\/v2\/pages\/3271\/revisions"}],"predecessor-version":[{"id":4202,"href":"https:\/\/www.alexeberth.bplaced.net\/wordpress\/wp-json\/wp\/v2\/pages\/3271\/revisions\/4202"}],"wp:attachment":[{"href":"https:\/\/www.alexeberth.bplaced.net\/wordpress\/wp-json\/wp\/v2\/media?parent=3271"}],"curies":[{"name":"wp","href":"https:\/\/api.w.org\/{rel}","templated":true}]}}