{"id":171,"date":"2016-12-07T15:30:23","date_gmt":"2016-12-07T14:30:23","guid":{"rendered":"http:\/\/www.alexeberth.bplaced.net\/wordpress\/?page_id=171"},"modified":"2025-06-20T13:45:30","modified_gmt":"2025-06-20T11:45:30","slug":"insulinpumpen-wahl-o-mat","status":"publish","type":"page","link":"https:\/\/www.alexeberth.bplaced.net\/wordpress\/insulinpumpen-wahl-o-mat\/","title":{"rendered":"Insulinpumpen- und AID-Wahl-o-mat"},"content":{"rendered":"<style type=\"text\/css\">\n<!-- a.info {color:#608ae9;font-weight:normal;} a.info:hover {text-decoration:none; color:blue;} a.info span {visibility:hidden;position:absolute;padding:3px;font-weight:normal;} a.info:hover span {visibility:visible;border:1px double #2F2F2F;color:#2F2F2F;font-size:10pt;color:#000000;background-color:#e3f1fe;} --><br \/><\/style>\n<h1>Insulinpumpen und AID-Systeme vergleichen mit dem <strong>Insulinpumpen-Wahl-o-mat<\/strong>.<\/h1>\n<h3>Vergleichen Sie anhand der\u00a0wichtigsten Funktionen die folgenden Insulinpumpen:<\/h3>\n<h4>Insulinpumpen, die mit Glukose-Sensoren interagieren:<\/h4>\n<ul>\n<li><a href=\"https:\/\/www.mylife-diabetescare.com\/de-DE\/produkte\/infusionssysteme\/mylife-ypsopump.html\" target=\"_blank\" rel=\"noopener noreferrer\">mylife YpsoPump<\/a> + <a href=\"https:\/\/www.dexcom.com\/de-DE\/de-dexcom-g6-cgm-system\" rel=\"noopener noreferrer\" target=\"_blank\">Dexcom G6<\/a> \/ <a href=\"https:\/\/www.freestylelibre.de\/\">Freestyle Libre 3<\/a><\/li>\n<li><a href=\"https:\/\/die-clevere-insulinpumpe.de\" target=\"_blank\" rel=\"noopener noreferrer\">Tandem t:slim X2\u2122<\/a> + <a href=\"https:\/\/www.dexcom.com\/de-DE\/de-dexcom-g6-cgm-system\">Dexcom G6<\/a> \/ <a href=\"https:\/\/www.dexcom.com\/de-DE\/dexcom-g7\" rel=\"noopener noreferrer\" target=\"_blank\">Dexcom G7<\/a> <\/li>\n<li><a href=\"https:\/\/www.medtronic.com\/de-de\/fachkreise\/diabetes\/produkte\/insulinpumpe\/minimed--780g-system.html\" target=\"_blank\" rel=\"noopener noreferrer\">Minimed 780G + Guardian 4 \/ Simplera Sync<\/a><\/li>\n<li><a href=\"https:\/\/www.medtronic-diabetes.com\/de-DE\/insulinpumpentherapie\/therapie-fuer-kinder\/minimed-740g-system\" target=\"_blank\" rel=\"noopener noreferrer\">Minimed 740G + Guardian 3<\/a><\/li>\n<li><a href=\"https:\/\/www.omnipod.com\/de-de\/hcp\/products\/omnipod-5\" target=\"_blank\" rel=\"noopener noreferrer\">Omnipod 5<\/a> + <a href=\"https:\/\/www.dexcom.com\/de-DE\/de-dexcom-g6-cgm-system\">Dexcom G6<\/a>  \/ <a href=\"https:\/\/www.dexcom.com\/de-DE\/dexcom-g7\" rel=\"noopener noreferrer\" target=\"_blank\">Dexcom G7<\/a> <\/li>\n<li><a href=\"https:\/\/hellokaleido.com\/de\/home-de\/\" target=\"_blank\" rel=\"noopener noreferrer\">Kaleido<\/a> + <a href=\"https:\/\/www.dexcom.com\/de-DE\/de-dexcom-g6-cgm-system\">Dexcom G6<\/a><\/li>\n<li><a href=\"https:\/\/diabetes.mediq.de\/insulinpumpen-auf-einen-blick\/dana-i-pumpe\" target=\"_blank\" rel=\"noopener noreferrer\">DANA i<\/a>  + <a href=\"https:\/\/www.dexcom.com\/de-DE\/de-dexcom-g6-cgm-system\">Dexcom G6<\/a><\/ul>\n<h4>Insulinpumpen ohne Sensor-Steuerung:<\/h4>\n<ul>\n<li><a href=\"https:\/\/www.omnipod.com\/de-de\/about-dash\" target=\"_blank\" rel=\"noopener noreferrer\">OmniPod DASH<\/a><\/li>\n<\/ul>\n<p>Mit dem Insulinpumpen Wahl-o-mat berechnen Sie die f\u00fcr Sie am Besten geeignete Insulinpumpe und k\u00f6nnen die verschiedenen Insulinpumpen vergleichen:<\/p>\n<form action=\"https:\/\/www.alexeberth.bplaced.net\/wordpress\/aid2.php\" method=\"post\">\n<table>\n<tr>\n<td><a class=\"info\" href=\"#\"><b>als AID-System nutzbar:<\/b> <span class=\"info\" style=\"text-align: left; left: 10pt; margin-top: 20pt;\">Der Algorithmus steutert die Pumpe unter Beachtung der Sensor-Daten.<\/span><\/a><\/td>\n<td><label><input name=\"W10\" type=\"radio\" value=\"ja\" \/> ja<\/label><\/td>\n<td><label><input name=\"W10\" type=\"radio\" value=\"egal\" checked=\"checked\" \/> egal<\/label><\/td>\n<\/tr>\n<tr>\n<td rowspan=\"3\"><a class=\"info\" href=\"#\"><b>AID-Steuerung:<\/b> <span class=\"info\" style=\"text-align: left; left: 10pt; margin-top: 20pt;\">Der Algorithmus l\u00e4uft in diesem Ger\u00e4t.<\/span><\/a><\/td>\n<td><label><input name=\"W11\" type=\"radio\" value=\"ja\" \/> mit Smartphone<\/label><\/td>\n<td><label><input name=\"W11\" type=\"radio\" value=\"egal\" checked=\"checked\" \/> egal<\/label><\/td>\n<\/tr>\n<tr>\n<td style=\"width:200px\"><label><input name=\"W12\" type=\"radio\" value=\"ja\" \/> mit Steuerungsger\u00e4t<\/label><\/td>\n<td><label><input name=\"W12\" type=\"radio\" value=\"egal\" checked=\"checked\" \/> egal<\/label><\/td>\n<\/tr>\n<tr>\n<td><label><input name=\"W13\" type=\"radio\" value=\"ja\" \/> in der Pumpe<\/label><\/td>\n<td><label><input name=\"W13\" type=\"radio\" value=\"egal\" checked=\"checked\" \/> egal<\/label><\/td>\n<\/tr>\n<tr>\n<td><a class=\"info\" href=\"#\"><b>Patch-Pumpe:<\/b> <span class=\"info\" style=\"text-align: left; left: 10pt; margin-top: 20pt;\">Die Insulinpumpe wird auf der Haut befestigt.<\/span><\/a><\/td>\n<td><label><input name=\"W3\" type=\"radio\" value=\"ja\" \/> ja<\/label><\/td>\n<td><label><input checked=\"checked\" name=\"W3\" type=\"radio\" value=\"egal\" \/> egal<\/label><\/td>\n<\/tr>\n<tr>\n<td><a class=\"info\" href=\"#\"><b>automatisches Kan\u00fcle-Setzen:<\/b> <span class=\"info\" style=\"text-align: left; left: 10pt; margin-top: 20pt;\">&#8230;kann bei Nadelphobie helfen.<\/span><\/a><\/td>\n<td><label><input name=\"W4\" type=\"radio\" value=\"ja\" \/> ja<\/label><\/td>\n<td><label><input checked=\"checked\" name=\"W4\" type=\"radio\" value=\"egal\" \/> egal<\/label><\/td>\n<\/tr>\n<tr>\n<td><a class=\"info\" href=\"#\"><b>vorbef\u00fclltes Reservoir:<\/b> <span class=\"info\" style=\"text-align: left; left: 10pt; margin-top: 20pt;\">fertige Ampulle einlegen.<\/span><\/a><\/td>\n<td><label><input name=\"W5\" type=\"radio\" value=\"ja\" \/> ja<\/label><\/td>\n<td><label><input checked=\"checked\" name=\"W5\" type=\"radio\" value=\"egal\" \/> egal<\/label><\/td>\n<\/tr>\n<tr>\n<td><a class=\"info\" href=\"#\"><b>maximaler Bolus \u00fcber 30 IE:<\/b> <span class=\"info\" style=\"text-align: left; left: 10pt; margin-top: 20pt;\">&#8230; f\u00fcr Menschen mit hohem Insulin-Bedarf.<\/span><\/a><\/td>\n<td><label><input name=\"W7\" type=\"radio\" value=\"ja\" \/>\u00a0ja<\/label><\/td>\n<td><label><input checked=\"checked\" name=\"W7\" type=\"radio\" value=\"egal\" \/> egal<\/label><\/td>\n<\/tr>\n<tr>\n<td><a class=\"info\" href=\"#\"><b>Gewicht unter 100g:<\/b> <span class=\"info\" style=\"text-align: left; left: 10pt; margin-top: 20pt;\">Gewicht der angelegten Insulinpumpe mit Batterien und Insulin<\/span><\/a><\/td>\n<td width=\"100px\"><label><input name=\"W8\" type=\"radio\" value=\"ja\" \/>\u00a0ja<\/label><\/td>\n<td><label><input checked=\"checked\" name=\"W8\" type=\"radio\" value=\"egal\" \/> egal<\/label><\/td>\n<\/tr>\n<tr>\n<td><a class=\"info\" href=\"#\"><b>wasserdicht (bei 1m, 60Min.):<\/b> <span class=\"info\" style=\"text-align: left; left: 10pt; margin-top: 20pt;\">&#8230; f\u00fcr alle, die mit Insulinpumpe schwimmen wollen.<\/span><\/a><\/td>\n<td><label><input name=\"W9\" type=\"radio\" value=\"ja\" \/>\u00a0ja<\/label><\/td>\n<td><label><input checked=\"checked\" name=\"W9\" type=\"radio\" value=\"egal\" \/> egal<\/label><\/td>\n<\/tr>\n<tr>\n<td><a class=\"info\" href=\"#\"><b>f\u00fcr Schwangere zugelassen:<\/b> <span class=\"info\" style=\"text-align: left; left: 10pt; margin-top: 20pt;\">Schwangerschaft geplant \/ vorliegend.<\/span><\/a><\/td>\n<td><label><input name=\"W2\" type=\"radio\" value=\"ja\" \/> ja<\/label><\/td>\n<td><label><input checked=\"checked\" name=\"W2\" type=\"radio\" value=\"egal\" \/> egal<\/label><\/td>\n<\/tr>\n<tr>\n<td><a class=\"info\" href=\"#\"><b>Follower-Funktion:<\/b> <span class=\"info\" style=\"text-align: left; left: 10pt; margin-top: 20pt;\">Messwerte k\u00f6nnen an andere Personen \u00fcbertragen werden.<\/span><\/a><\/td>\n<td><label><input name=\"W14\" type=\"radio\" value=\"ja\" \/> ja<\/label><\/td>\n<td><label><input checked=\"checked\" name=\"W14\" type=\"radio\" value=\"egal\" \/> egal<\/label><\/td>\n<\/tr>\n<tr>\n<td><a class=\"info\" href=\"#\"><b>ben\u00f6tigte Gesamt-<br \/>Tagesinsulinmenge (TDD):<\/b> <span class=\"info\" style=\"text-align: left; left: 10pt; margin-top: 20pt;\">Wieviel Insulin ben\u00f6tigen Sie maximal pro Tag (prandial+basal)?<\/span><\/a><\/td>\n<td colspan=\"2\"><input name=\"W6\" type=\"number\" value=\"50\" step=\"1\" min=\"0\" style=\"width:50px\" class=\"numerischeEingabe\" \/> IE<\/td>\n<\/tr>\n<tr>\n<td><a class=\"info\" href=\"#\"><b>Alter des Patienten<\/b> <span class=\"info\" style=\"text-align: left; left: 10pt; margin-top: 20pt;\">Einige AID-Systeme sind auch f\u00fcr Kinder zugelassen.<\/span><\/a><\/td>\n<td colspan=\"2\"><input type=\"number\" name=\"W1\" value=\"18\" step=\"1\" min=\"0\" style=\"width:50px;\" class=\"numerischeEingabe\" \/> Jahre<\/td>\n<\/tr>\n<\/table>\n<p><input type=\"submit\" value=\"berechnen\" \/><\/p>\n<p>&nbsp;<\/p>\n<p>&nbsp;<\/p>\n<p>Bitte beachten Sie: Fehler sind m\u00f6glich. F\u00fcr die Vollst\u00e4ndigkeit und Richtigkeit der o.g. Angaben kann keine Garantie \u00fcbernommen werden.\u00a0Alle Marken und Urheberrechte sind Eigentum ihrer jeweiligen Inhaber.<br \/>\nBitte beachten Sie die Gebrauchsanweisung.<\/p>\n<\/form>\n<p>&nbsp;<\/p>\n","protected":false},"excerpt":{"rendered":"<p>Insulinpumpen und AID-Systeme vergleichen mit dem Insulinpumpen-Wahl-o-mat. Vergleichen Sie anhand der\u00a0wichtigsten Funktionen die folgenden Insulinpumpen: Insulinpumpen, die mit Glukose-Sensoren interagieren: mylife YpsoPump + Dexcom G6 \/ Freestyle Libre 3 Tandem t:slim X2\u2122 + Dexcom G6 \/ Dexcom G7 Minimed 780G + Guardian 4 \/ Simplera Sync Minimed 740G + Guardian 3 Omnipod 5 + Dexcom G6 \/ Dexcom G7 Kaleido [&hellip;]<\/p>\n","protected":false},"author":1,"featured_media":0,"parent":0,"menu_order":0,"comment_status":"closed","ping_status":"closed","template":"","meta":{"footnotes":""},"class_list":["post-171","page","type-page","status-publish","hentry"],"yoast_head":"<!-- This site is optimized with the Yoast SEO plugin v27.4 - https:\/\/yoast.com\/product\/yoast-seo-wordpress\/ -->\n<title>Insulinpumpen- und AID-Wahl-o-mat - Gemeinschaftspraxis Dr. med. Eberth<\/title>\n<meta name=\"description\" content=\"Welche Insulinpumpe ist f\u00fcr Sie am besten geeignet? Vergleichen Sie alle zugelassenen Insulinpumpen mit dem Insulinpumpen Wahl-o-mat.\" \/>\n<meta name=\"robots\" content=\"index, follow, max-snippet:-1, max-image-preview:large, max-video-preview:-1\" \/>\n<link rel=\"canonical\" href=\"https:\/\/www.alexeberth.bplaced.net\/wordpress\/insulinpumpen-wahl-o-mat\/\" \/>\n<meta property=\"og:locale\" content=\"de_DE\" \/>\n<meta property=\"og:type\" content=\"article\" \/>\n<meta property=\"og:title\" content=\"Insulinpumpen- und AID-Wahl-o-mat - Gemeinschaftspraxis Dr. med. Eberth\" \/>\n<meta property=\"og:description\" content=\"Welche Insulinpumpe ist f\u00fcr Sie am besten geeignet? Vergleichen Sie alle zugelassenen Insulinpumpen mit dem Insulinpumpen Wahl-o-mat.\" \/>\n<meta property=\"og:url\" content=\"https:\/\/www.alexeberth.bplaced.net\/wordpress\/insulinpumpen-wahl-o-mat\/\" \/>\n<meta property=\"og:site_name\" content=\"Gemeinschaftspraxis Dr. med. Eberth\" \/>\n<meta property=\"article:modified_time\" content=\"2025-06-20T11:45:30+00:00\" \/>\n<meta name=\"twitter:card\" content=\"summary_large_image\" \/>\n<meta name=\"twitter:label1\" content=\"Gesch\u00e4tzte Lesezeit\" \/>\n\t<meta name=\"twitter:data1\" content=\"2\u00a0Minuten\" \/>\n<script type=\"application\/ld+json\" class=\"yoast-schema-graph\">{\"@context\":\"https:\\\/\\\/schema.org\",\"@graph\":[{\"@type\":\"WebPage\",\"@id\":\"https:\\\/\\\/www.alexeberth.bplaced.net\\\/wordpress\\\/insulinpumpen-wahl-o-mat\\\/\",\"url\":\"https:\\\/\\\/www.alexeberth.bplaced.net\\\/wordpress\\\/insulinpumpen-wahl-o-mat\\\/\",\"name\":\"Insulinpumpen- und AID-Wahl-o-mat - Gemeinschaftspraxis Dr. med. Eberth\",\"isPartOf\":{\"@id\":\"https:\\\/\\\/www.alexeberth.bplaced.net\\\/wordpress\\\/#website\"},\"datePublished\":\"2016-12-07T14:30:23+00:00\",\"dateModified\":\"2025-06-20T11:45:30+00:00\",\"description\":\"Welche Insulinpumpe ist f\u00fcr Sie am besten geeignet? Vergleichen Sie alle zugelassenen Insulinpumpen mit dem Insulinpumpen Wahl-o-mat.\",\"breadcrumb\":{\"@id\":\"https:\\\/\\\/www.alexeberth.bplaced.net\\\/wordpress\\\/insulinpumpen-wahl-o-mat\\\/#breadcrumb\"},\"inLanguage\":\"de\",\"potentialAction\":[{\"@type\":\"ReadAction\",\"target\":[\"https:\\\/\\\/www.alexeberth.bplaced.net\\\/wordpress\\\/insulinpumpen-wahl-o-mat\\\/\"]}]},{\"@type\":\"BreadcrumbList\",\"@id\":\"https:\\\/\\\/www.alexeberth.bplaced.net\\\/wordpress\\\/insulinpumpen-wahl-o-mat\\\/#breadcrumb\",\"itemListElement\":[{\"@type\":\"ListItem\",\"position\":1,\"name\":\"Startseite\",\"item\":\"https:\\\/\\\/www.alexeberth.bplaced.net\\\/wordpress\\\/\"},{\"@type\":\"ListItem\",\"position\":2,\"name\":\"Insulinpumpen- und AID-Wahl-o-mat\"}]},{\"@type\":\"WebSite\",\"@id\":\"https:\\\/\\\/www.alexeberth.bplaced.net\\\/wordpress\\\/#website\",\"url\":\"https:\\\/\\\/www.alexeberth.bplaced.net\\\/wordpress\\\/\",\"name\":\"Gemeinschaftspraxis Dr. med. Eberth\",\"description\":\"Dr. med. Silke Eberth und Dr. med. Alexander Eberth\",\"publisher\":{\"@id\":\"https:\\\/\\\/www.alexeberth.bplaced.net\\\/wordpress\\\/#organization\"},\"potentialAction\":[{\"@type\":\"SearchAction\",\"target\":{\"@type\":\"EntryPoint\",\"urlTemplate\":\"https:\\\/\\\/www.alexeberth.bplaced.net\\\/wordpress\\\/?s={search_term_string}\"},\"query-input\":{\"@type\":\"PropertyValueSpecification\",\"valueRequired\":true,\"valueName\":\"search_term_string\"}}],\"inLanguage\":\"de\"},{\"@type\":\"Organization\",\"@id\":\"https:\\\/\\\/www.alexeberth.bplaced.net\\\/wordpress\\\/#organization\",\"name\":\"Gemeinschaftspraxis Dr. med. Eberth\",\"url\":\"https:\\\/\\\/www.alexeberth.bplaced.net\\\/wordpress\\\/\",\"logo\":{\"@type\":\"ImageObject\",\"inLanguage\":\"de\",\"@id\":\"https:\\\/\\\/www.alexeberth.bplaced.net\\\/wordpress\\\/#\\\/schema\\\/logo\\\/image\\\/\",\"url\":\"https:\\\/\\\/www.alexeberth.bplaced.net\\\/wordpress\\\/wp-content\\\/uploads\\\/2023\\\/06\\\/Praxis-Logo-ganzklein.png\",\"contentUrl\":\"https:\\\/\\\/www.alexeberth.bplaced.net\\\/wordpress\\\/wp-content\\\/uploads\\\/2023\\\/06\\\/Praxis-Logo-ganzklein.png\",\"width\":60,\"height\":33,\"caption\":\"Gemeinschaftspraxis Dr. med. Eberth\"},\"image\":{\"@id\":\"https:\\\/\\\/www.alexeberth.bplaced.net\\\/wordpress\\\/#\\\/schema\\\/logo\\\/image\\\/\"}}]}<\/script>\n<!-- \/ Yoast SEO plugin. -->","yoast_head_json":{"title":"Insulinpumpen- und AID-Wahl-o-mat - Gemeinschaftspraxis Dr. med. Eberth","description":"Welche Insulinpumpe ist f\u00fcr Sie am besten geeignet? Vergleichen Sie alle zugelassenen Insulinpumpen mit dem Insulinpumpen Wahl-o-mat.","robots":{"index":"index","follow":"follow","max-snippet":"max-snippet:-1","max-image-preview":"max-image-preview:large","max-video-preview":"max-video-preview:-1"},"canonical":"https:\/\/www.alexeberth.bplaced.net\/wordpress\/insulinpumpen-wahl-o-mat\/","og_locale":"de_DE","og_type":"article","og_title":"Insulinpumpen- und AID-Wahl-o-mat - Gemeinschaftspraxis Dr. med. Eberth","og_description":"Welche Insulinpumpe ist f\u00fcr Sie am besten geeignet? Vergleichen Sie alle zugelassenen Insulinpumpen mit dem Insulinpumpen Wahl-o-mat.","og_url":"https:\/\/www.alexeberth.bplaced.net\/wordpress\/insulinpumpen-wahl-o-mat\/","og_site_name":"Gemeinschaftspraxis Dr. med. Eberth","article_modified_time":"2025-06-20T11:45:30+00:00","twitter_card":"summary_large_image","twitter_misc":{"Gesch\u00e4tzte Lesezeit":"2\u00a0Minuten"},"schema":{"@context":"https:\/\/schema.org","@graph":[{"@type":"WebPage","@id":"https:\/\/www.alexeberth.bplaced.net\/wordpress\/insulinpumpen-wahl-o-mat\/","url":"https:\/\/www.alexeberth.bplaced.net\/wordpress\/insulinpumpen-wahl-o-mat\/","name":"Insulinpumpen- und AID-Wahl-o-mat - Gemeinschaftspraxis Dr. med. Eberth","isPartOf":{"@id":"https:\/\/www.alexeberth.bplaced.net\/wordpress\/#website"},"datePublished":"2016-12-07T14:30:23+00:00","dateModified":"2025-06-20T11:45:30+00:00","description":"Welche Insulinpumpe ist f\u00fcr Sie am besten geeignet? Vergleichen Sie alle zugelassenen Insulinpumpen mit dem Insulinpumpen Wahl-o-mat.","breadcrumb":{"@id":"https:\/\/www.alexeberth.bplaced.net\/wordpress\/insulinpumpen-wahl-o-mat\/#breadcrumb"},"inLanguage":"de","potentialAction":[{"@type":"ReadAction","target":["https:\/\/www.alexeberth.bplaced.net\/wordpress\/insulinpumpen-wahl-o-mat\/"]}]},{"@type":"BreadcrumbList","@id":"https:\/\/www.alexeberth.bplaced.net\/wordpress\/insulinpumpen-wahl-o-mat\/#breadcrumb","itemListElement":[{"@type":"ListItem","position":1,"name":"Startseite","item":"https:\/\/www.alexeberth.bplaced.net\/wordpress\/"},{"@type":"ListItem","position":2,"name":"Insulinpumpen- und AID-Wahl-o-mat"}]},{"@type":"WebSite","@id":"https:\/\/www.alexeberth.bplaced.net\/wordpress\/#website","url":"https:\/\/www.alexeberth.bplaced.net\/wordpress\/","name":"Gemeinschaftspraxis Dr. med. Eberth","description":"Dr. med. Silke Eberth und Dr. med. Alexander Eberth","publisher":{"@id":"https:\/\/www.alexeberth.bplaced.net\/wordpress\/#organization"},"potentialAction":[{"@type":"SearchAction","target":{"@type":"EntryPoint","urlTemplate":"https:\/\/www.alexeberth.bplaced.net\/wordpress\/?s={search_term_string}"},"query-input":{"@type":"PropertyValueSpecification","valueRequired":true,"valueName":"search_term_string"}}],"inLanguage":"de"},{"@type":"Organization","@id":"https:\/\/www.alexeberth.bplaced.net\/wordpress\/#organization","name":"Gemeinschaftspraxis Dr. med. Eberth","url":"https:\/\/www.alexeberth.bplaced.net\/wordpress\/","logo":{"@type":"ImageObject","inLanguage":"de","@id":"https:\/\/www.alexeberth.bplaced.net\/wordpress\/#\/schema\/logo\/image\/","url":"https:\/\/www.alexeberth.bplaced.net\/wordpress\/wp-content\/uploads\/2023\/06\/Praxis-Logo-ganzklein.png","contentUrl":"https:\/\/www.alexeberth.bplaced.net\/wordpress\/wp-content\/uploads\/2023\/06\/Praxis-Logo-ganzklein.png","width":60,"height":33,"caption":"Gemeinschaftspraxis Dr. med. Eberth"},"image":{"@id":"https:\/\/www.alexeberth.bplaced.net\/wordpress\/#\/schema\/logo\/image\/"}}]}},"_links":{"self":[{"href":"https:\/\/www.alexeberth.bplaced.net\/wordpress\/wp-json\/wp\/v2\/pages\/171","targetHints":{"allow":["GET"]}}],"collection":[{"href":"https:\/\/www.alexeberth.bplaced.net\/wordpress\/wp-json\/wp\/v2\/pages"}],"about":[{"href":"https:\/\/www.alexeberth.bplaced.net\/wordpress\/wp-json\/wp\/v2\/types\/page"}],"author":[{"embeddable":true,"href":"https:\/\/www.alexeberth.bplaced.net\/wordpress\/wp-json\/wp\/v2\/users\/1"}],"replies":[{"embeddable":true,"href":"https:\/\/www.alexeberth.bplaced.net\/wordpress\/wp-json\/wp\/v2\/comments?post=171"}],"version-history":[{"count":7,"href":"https:\/\/www.alexeberth.bplaced.net\/wordpress\/wp-json\/wp\/v2\/pages\/171\/revisions"}],"predecessor-version":[{"id":3970,"href":"https:\/\/www.alexeberth.bplaced.net\/wordpress\/wp-json\/wp\/v2\/pages\/171\/revisions\/3970"}],"wp:attachment":[{"href":"https:\/\/www.alexeberth.bplaced.net\/wordpress\/wp-json\/wp\/v2\/media?parent=171"}],"curies":[{"name":"wp","href":"https:\/\/api.w.org\/{rel}","templated":true}]}}